{"id":43,"date":"2025-08-02T15:51:45","date_gmt":"2025-08-02T15:51:45","guid":{"rendered":"https:\/\/liaisonsdassilah.com\/?page_id=43"},"modified":"2025-08-06T14:34:12","modified_gmt":"2025-08-06T14:34:12","slug":"presentation-generale","status":"publish","type":"page","link":"https:\/\/liaisonsdassilah.com\/?page_id=43","title":{"rendered":"Pr\u00e9sentation g\u00e9n\u00e9rale"},"content":{"rendered":"\n<p class=\"has-text-align-right\"><strong>\u0645\u0644\u064a \u0643\u064a\u0644\u0642\u0627 \u0627\u0644\u063a\u0631\u0628 \u0627\u0644\u0634\u0631\u0642<\/strong><\/p>\n\n\n\n<p><strong>Objectif du projet \u2013 Liaisons d\u2019Assilah<\/strong> &#8211; \u0644\u064a\u0627\u0632\u0648\u0646 \u062f \u0623\u0635\u064a\u0644\u0629<\/p>\n\n\n\n<p>Liaisons d\u2019Assilah a pour mission de cr\u00e9er un pont concret et humain entre les rapatri\u00e9s et leur terre d\u2019origine. Le projet vise \u00e0 accompagner, relier et valoriser celles et ceux qui reviennent s\u2019installer \u00e0 Assilah, souvent en qu\u00eate de rep\u00e8res, de confiance et de services fiables.<\/p>\n\n\n\n<p>\u00c0 travers ses cinq p\u00f4les compl\u00e9mentaires \u2013 accompagnement administratif et juridique, gestion immobili\u00e8re, assistance citoyenne, m\u00e9dia participatif et espace socioculturel \u2013 le projet propose une structure hybride et ancr\u00e9e dans le r\u00e9el, \u00e0 la crois\u00e9e du service, de l\u2019\u00e9coute, et de la culture locale.<\/p>\n\n\n\n<p>Liaisons d\u2019Assilah, c\u2019est faciliter le retour, nourrir les liens, et construire ensemble une dynamique durable, solidaire et enracin\u00e9e.<\/p>\n\n\n\n<p class=\"has-text-align-right\"><strong>\u0647\u062f\u0641 \u0627\u0644\u0645\u0634\u0631\u0648\u0639 \u2013 <\/strong><\/p>\n\n\n\n<p class=\"has-text-align-right\">\u0631\u0648\u0627\u0628\u0637 \u0623\u0635\u064a\u0644\u0629 \u0647\u0648 \u0645\u0634\u0631\u0648\u0639 \u0627\u0644\u0644\u064a \u0627\u0644\u063a\u0627\u064a\u0629 \u062f\u064a\u0627\u0644\u0648 \u0647\u064a \u064a\u0628\u0646\u064a \u062c\u0633\u0631 \u0648\u0627\u0642\u0639\u064a \u0648\u0625\u0646\u0633\u0627\u0646\u064a \u0628\u064a\u0646 \u0627\u0644\u0646\u0627\u0633 \u0627\u0644\u0644\u064a \u0631\u0627\u062c\u0639\u064a\u0646 \u0644\u0628\u0644\u0627\u062f\u0647\u0645 \u0648\u0627\u0644\u0623\u0631\u0636 \u062f\u064a\u0627\u0644\u0647\u0645 \u0627\u0644\u0623\u0635\u0644\u064a\u0629. \u0627\u0644\u0647\u062f\u0641 \u062f\u064a\u0627\u0644\u0648 \u0647\u0648 \u064a\u0648\u0627\u0643\u0628\u060c \u064a\u0631\u0628\u0637 \u0648\u064a\u0639\u0637\u064a \u0627\u0644\u0642\u064a\u0645\u0629 \u0644\u0643\u0644 \u0648\u0627\u062d\u062f \u0648\u0648\u0627\u062d\u062f\u0629 \u0631\u0627\u062c\u0639\u064a\u0646 \u064a\u0633\u0643\u0646\u0648 \u0641\u0623\u0635\u064a\u0644\u0627\u060c \u0648\u0627\u0644\u0644\u064a \u063a\u0627\u0644\u0628\u0627\u064b \u0643\u064a\u0642\u0644\u0628\u0648 \u0639\u0644\u0649 \u062a\u0648\u062c\u064a\u0647\u060c \u062b\u0642\u0629 \u0648\u062e\u062f\u0645\u0627\u062a \u0645\u0648\u062b\u0648\u0642 \u0628\u0647\u0627. \u0645\u0646 \u062e\u0644\u0627\u0644 \u062e\u0645\u0633\u0629 \u062f\u064a\u0627\u0644 \u0627\u0644\u0645\u062d\u0627\u0648\u0631 \u0627\u0644\u0644\u064a \u0645\u0643\u0645\u0644\u064a\u0646 \u0644\u0628\u0639\u0636\u0647\u0645 \u2013 \u0627\u0644\u0645\u0648\u0627\u0643\u0628\u0629 \u0627\u0644\u0625\u062f\u0627\u0631\u064a\u0629 \u0648\u0627\u0644\u0642\u0627\u0646\u0648\u0646\u064a\u0629\u060c \u0627\u0644\u062a\u0633\u064a\u064a\u0631 \u0627\u0644\u0639\u0642\u0627\u0631\u064a\u060c \u0627\u0644\u0645\u0633\u0627\u0639\u062f\u0629 \u0627\u0644\u0645\u0648\u0627\u0637\u0650\u0646\u0629\u060c \u0627\u0644\u0625\u0639\u0644\u0627\u0645 \u0627\u0644\u062a\u0634\u0627\u0631\u0643\u064a \u0648\u0627\u0644\u0641\u0636\u0627\u0621 \u0627\u0644\u062b\u0642\u0627\u0641\u064a \u0648\u0627\u0644\u0627\u062c\u062a\u0645\u0627\u0639\u064a \u2013 \u0627\u0644\u0645\u0634\u0631\u0648\u0639 \u0643\u064a\u0639\u0631\u0636 \u0648\u0627\u062d\u062f \u0627\u0644\u0628\u0646\u064a\u0629 \u0627\u0644\u0644\u064a \u062c\u0627\u0645\u0639\u0629 \u0628\u064a\u0646 \u0627\u0644\u062e\u062f\u0645\u0629\u060c \u0627\u0644\u0625\u0646\u0635\u0627\u062a\u060c \u0648\u0627\u0644\u062b\u0642\u0627\u0641\u0629 \u0627\u0644\u0645\u062d\u0644\u064a\u0629. \u0631\u0648\u0627\u0628\u0637 \u0623\u0635\u064a\u0644\u0629 \u0647\u0648 \u064a\u0633\u0647\u0644 \u0627\u0644\u0631\u062c\u0648\u0639\u060c \u064a\u0642\u0648\u0651\u064a \u0627\u0644\u0631\u0648\u0627\u0628\u0637\u060c \u0648\u064a\u0628\u0646\u064a \u0645\u0639 \u0628\u0639\u0636\u0646\u0627 \u062f\u064a\u0646\u0627\u0645\u064a\u0629 \u0645\u0633\u062a\u0645\u0631\u0629\u060c \u0645\u062a\u0636\u0627\u0645\u0646\u0629 \u0648\u0645\u062a\u062c\u0630\u0631\u0629.<br><\/p>\n\n\n\n<p class=\"has-text-align-center\">\u2014\u2014\u2014\u2014\u2014\u2014\u2014\u2014\u2014\u2014\u2014\u2014\u2014\u2014\u2014\u2014\u2014\u2014<\/p>\n\n\n\n<p><strong>EQUIPE FONDATRICE<\/strong> &#8211; \u0627\u0644\u0641\u0631\u064a\u0642 \u0627\u0644\u0645\u0624\u0633\u0633<\/p>\n\n\n\n<ul class=\"wp-block-list\">\n<li><strong>Zohra&nbsp;<\/strong>: Auteure, Responsable communautaire, Charg\u00e9e de projets et Com\u00e9dienne. Elle conjugue expertise et parcours personnel pour proposer une approche d\u2019accompagnement sensible et structur\u00e9e.<\/li>\n\n\n\n<li><strong>\u0632\u0647\u0631\u0629 \u0631\u0627\u0641\u064a\u0641\u064a<\/strong>&nbsp;: \u0643\u0627\u062a\u0628\u0629\u060c \u0645\u0633\u0624\u0648\u0644\u0629 \u0645\u062c\u062a\u0645\u0639\u064a\u0629\u060c \u0645\u064f\u0643\u0644\u0641\u0629 \u0628\u0627\u0644\u0645\u0634\u0627\u0631\u064a\u0639 \u0648\u0645\u0645\u062b\u0644\u0629 \u0645\u0633\u0631\u062d\u064a\u0629 \u0643\u062a\u062c\u0645\u0639 \u0628\u064a\u0646 \u0627\u0644\u062a\u062c\u0631\u0628\u0629 \u0648\u0627\u0644\u0645\u0639\u0631\u0641\u0629 \u0627\u0644\u0634\u062e\u0635\u064a\u0629 \u0628\u0627\u0634 \u062a\u0642\u062f\u0645 \u0623\u0633\u0644\u0648\u0628 \u0645\u0648\u0627\u0643\u0628\u0629 \u062d\u0633\u0627\u0633 \u0648\u0645\u0646\u0638\u0645<\/li>\n\n\n\n<li><a href=\"https:\/\/aujourdhui.ma\/culture\/zohra-rafifi-le-personnage-de-zao-est-une-extension-de-moi-meme\">https:\/\/aujourdhui.ma\/culture\/zohra-rafifi-le-personnage-de-zao-est-une-extension-de-moi-meme<\/a><br><\/li>\n<\/ul>\n\n\n\n<ul class=\"wp-block-list\">\n<li><strong>Ilham<\/strong>&nbsp;: Journaliste, Pr\u00e9sidente de trois associations et actrice locale de terrain, proche des besoins concrets de la population, lien de confiance et relais naturel.<\/li>\n\n\n\n<li><strong>\u0625\u0644\u0647\u0627\u0645 \u0634\u0627\u0643\u0648\u064a<\/strong>&nbsp;: \u0635\u062d\u0627\u0641\u064a\u0629\u060c \u0631\u0626\u064a\u0633\u0629 \u062b\u0644\u0627\u062b \u062c\u0645\u0639\u064a\u0627\u062a \u0648\u0641\u0627\u0639\u0644\u0629 \u0645\u062d\u0644\u064a\u0629 \u0645\u064a\u062f\u0627\u0646\u064a\u0629\u060c \u0642\u0631\u064a\u0628\u0629 \u0645\u0646 \u0627\u062d\u062a\u064a\u0627\u062c\u0627\u062a \u0627\u0644\u0646\u0627\u0633\u060c \u0643\u062a\u0645\u062b\u0644 \u062d\u0644\u0642\u0629 \u0648\u0635\u0644 \u0637\u0628\u064a\u0639\u064a\u0629 \u0648\u0639\u0646\u062f\u0647\u0627 \u062b\u0642\u0629 \u0643\u0628\u064a\u0631\u0629 \u0639\u0646\u062f \u0627\u0644\u0633\u0627\u0643\u0646\u0629<\/li>\n<\/ul>\n\n\n\n<p><\/p>\n\n\n<div class=\"wp-block-image\">\n<figure class=\"alignleft size-large is-resized\"><img loading=\"lazy\" decoding=\"async\" width=\"1010\" height=\"1024\" src=\"https:\/\/liaisonsdassilah.com\/wp-content\/uploads\/2025\/08\/IMG_0812-1010x1024.jpeg\" alt=\"\" class=\"wp-image-236\" style=\"width:234px;height:auto\" srcset=\"https:\/\/liaisonsdassilah.com\/wp-content\/uploads\/2025\/08\/IMG_0812-1010x1024.jpeg 1010w, https:\/\/liaisonsdassilah.com\/wp-content\/uploads\/2025\/08\/IMG_0812-296x300.jpeg 296w, https:\/\/liaisonsdassilah.com\/wp-content\/uploads\/2025\/08\/IMG_0812-768x779.jpeg 768w, https:\/\/liaisonsdassilah.com\/wp-content\/uploads\/2025\/08\/IMG_0812-148x150.jpeg 148w, https:\/\/liaisonsdassilah.com\/wp-content\/uploads\/2025\/08\/IMG_0812.jpeg 1316w\" sizes=\"auto, (max-width: 1010px) 100vw, 1010px\" \/><\/figure><\/div>\n\n<div class=\"wp-block-image\">\n<figure class=\"alignleft size-large is-resized\"><img loading=\"lazy\" decoding=\"async\" width=\"829\" height=\"1024\" src=\"https:\/\/liaisonsdassilah.com\/wp-content\/uploads\/2025\/08\/IMG_0832-4-829x1024.jpeg\" alt=\"\" class=\"wp-image-345\" style=\"width:192px;height:auto\" srcset=\"https:\/\/liaisonsdassilah.com\/wp-content\/uploads\/2025\/08\/IMG_0832-4-829x1024.jpeg 829w, https:\/\/liaisonsdassilah.com\/wp-content\/uploads\/2025\/08\/IMG_0832-4-243x300.jpeg 243w, https:\/\/liaisonsdassilah.com\/wp-content\/uploads\/2025\/08\/IMG_0832-4-768x948.jpeg 768w, https:\/\/liaisonsdassilah.com\/wp-content\/uploads\/2025\/08\/IMG_0832-4-1244x1536.jpeg 1244w, https:\/\/liaisonsdassilah.com\/wp-content\/uploads\/2025\/08\/IMG_0832-4-121x150.jpeg 121w, https:\/\/liaisonsdassilah.com\/wp-content\/uploads\/2025\/08\/IMG_0832-4.jpeg 1529w\" sizes=\"auto, (max-width: 829px) 100vw, 829px\" \/><\/figure><\/div>\n\n\n<p><\/p>\n\n\n\n<p><\/p>\n\n\n\n<p><\/p>\n\n\n\n<p><\/p>\n\n\n\n<p><\/p>\n\n\n\n<p>Forum des Femmes du Maroc (ASBL)<\/p>\n\n\n\n<p>Dirig\u00e9e par <strong>Ilham<\/strong> <strong>Chakoui<\/strong>, l\u2019association soutient et valorise les femmes marocaines en cr\u00e9ant des espaces d\u2019\u00e9change, de formation et d\u2019entraide. Son objectif\u202f: renforcer leur autonomie, leur confiance et leur r\u00f4le actif dans la soci\u00e9t\u00e9.<\/p>\n\n\n\n<p class=\"has-text-align-right\"><strong>\u062c\u0645\u0639\u064a\u0629 \u0645\u0646\u062a\u062f\u0649 \u0646\u0633\u0627\u0621 \u0627\u0644\u0645\u063a\u0631\u0628<\/strong><\/p>\n\n\n\n<p class=\"has-text-align-right\">\u0628\u0631\u0626\u0627\u0633\u0629 <strong>\u0625\u0644\u0647\u0627\u0645<\/strong> <strong>\u0634\u0627\u0642\u0648\u064a<\/strong>\u060c \u0627\u0644\u062c\u0645\u0639\u064a\u0629 \u0643\u062a\u0647\u062f\u0641 \u062a\u0639\u0637\u064a \u0627\u0644\u0642\u0648\u0629 \u0648\u0627\u0644\u062f\u0639\u0645 \u0644\u0644\u0646\u0633\u0627\u0621 \u0627\u0644\u0645\u063a\u0631\u0628\u064a\u0627\u062a\u060c \u0648\u0643\u062a\u0648\u0641\u0631 \u0644\u064a\u0647\u0645 \u0641\u0636\u0627\u0621\u0627\u062a \u062f\u064a\u0627\u0644 \u0627\u0644\u062a\u0628\u0627\u062f\u0644\u060c \u0627\u0644\u062a\u0643\u0648\u064a\u0646 \u0648\u0627\u0644\u0645\u0633\u0627\u0646\u062f\u0629\u060c \u0628\u0627\u0634 \u064a\u0632\u064a\u062f\u0648 \u064a\u0637\u0648\u0631\u0648 \u0631\u0627\u0633\u0647\u0645 \u0648\u064a\u0643\u0648\u0646 \u0639\u0646\u062f\u0647\u0645 \u062f\u0648\u0631 \u0641\u0639\u0627\u0644 \u0641\u0627\u0644\u0645\u062c\u062a\u0645\u0639.<\/p>\n","protected":false},"excerpt":{"rendered":"<p>\u0645\u0644\u064a <a class=\"continue-reading-link\" href=\"https:\/\/liaisonsdassilah.com\/?page_id=43\"> <span class=\"meta-nav\">&rarr; <\/span><\/a><\/p>\n","protected":false},"author":1,"featured_media":0,"parent":0,"menu_order":0,"comment_status":"closed","ping_status":"closed","template":"","meta":{"footnotes":""},"class_list":["post-43","page","type-page","status-publish","hentry"],"yoast_head":"<!-- This site is optimized with the Yoast SEO plugin v25.6 - https:\/\/yoast.com\/wordpress\/plugins\/seo\/ -->\n<title>Pr\u00e9sentation g\u00e9n\u00e9rale - LIAISONS D&#039;ASSILAH<\/title>\n<meta name=\"robots\" content=\"index, follow, max-snippet:-1, max-image-preview:large, max-video-preview:-1\" \/>\n<link rel=\"canonical\" href=\"https:\/\/liaisonsdassilah.com\/?page_id=43\" \/>\n<meta property=\"og:locale\" content=\"fr_FR\" \/>\n<meta property=\"og:type\" content=\"article\" \/>\n<meta property=\"og:title\" content=\"Pr\u00e9sentation g\u00e9n\u00e9rale - LIAISONS D&#039;ASSILAH\" \/>\n<meta property=\"og:description\" content=\"\u0645\u0644\u064a &rarr;\" \/>\n<meta property=\"og:url\" content=\"https:\/\/liaisonsdassilah.com\/?page_id=43\" \/>\n<meta property=\"og:site_name\" content=\"LIAISONS D&#039;ASSILAH\" \/>\n<meta property=\"article:modified_time\" content=\"2025-08-06T14:34:12+00:00\" \/>\n<meta property=\"og:image\" content=\"https:\/\/liaisonsdassilah.com\/wp-content\/uploads\/2025\/08\/IMG_0812.jpeg\" \/>\n\t<meta property=\"og:image:width\" content=\"1316\" \/>\n\t<meta property=\"og:image:height\" content=\"1334\" \/>\n\t<meta property=\"og:image:type\" content=\"image\/jpeg\" \/>\n<meta name=\"twitter:card\" content=\"summary_large_image\" \/>\n<meta name=\"twitter:label1\" content=\"Dur\u00e9e de lecture est.\" \/>\n\t<meta name=\"twitter:data1\" content=\"3 minutes\" \/>\n<script type=\"application\/ld+json\" class=\"yoast-schema-graph\">{\"@context\":\"https:\/\/schema.org\",\"@graph\":[{\"@type\":\"WebPage\",\"@id\":\"https:\/\/liaisonsdassilah.com\/?page_id=43\",\"url\":\"https:\/\/liaisonsdassilah.com\/?page_id=43\",\"name\":\"Pr\u00e9sentation g\u00e9n\u00e9rale - LIAISONS D&#039;ASSILAH\",\"isPartOf\":{\"@id\":\"https:\/\/liaisonsdassilah.com\/#website\"},\"primaryImageOfPage\":{\"@id\":\"https:\/\/liaisonsdassilah.com\/?page_id=43#primaryimage\"},\"image\":{\"@id\":\"https:\/\/liaisonsdassilah.com\/?page_id=43#primaryimage\"},\"thumbnailUrl\":\"https:\/\/liaisonsdassilah.com\/wp-content\/uploads\/2025\/08\/IMG_0812-1010x1024.jpeg\",\"datePublished\":\"2025-08-02T15:51:45+00:00\",\"dateModified\":\"2025-08-06T14:34:12+00:00\",\"breadcrumb\":{\"@id\":\"https:\/\/liaisonsdassilah.com\/?page_id=43#breadcrumb\"},\"inLanguage\":\"fr-BE\",\"potentialAction\":[{\"@type\":\"ReadAction\",\"target\":[\"https:\/\/liaisonsdassilah.com\/?page_id=43\"]}]},{\"@type\":\"ImageObject\",\"inLanguage\":\"fr-BE\",\"@id\":\"https:\/\/liaisonsdassilah.com\/?page_id=43#primaryimage\",\"url\":\"https:\/\/liaisonsdassilah.com\/wp-content\/uploads\/2025\/08\/IMG_0812.jpeg\",\"contentUrl\":\"https:\/\/liaisonsdassilah.com\/wp-content\/uploads\/2025\/08\/IMG_0812.jpeg\",\"width\":1316,\"height\":1334},{\"@type\":\"BreadcrumbList\",\"@id\":\"https:\/\/liaisonsdassilah.com\/?page_id=43#breadcrumb\",\"itemListElement\":[{\"@type\":\"ListItem\",\"position\":1,\"name\":\"Accueil\",\"item\":\"https:\/\/liaisonsdassilah.com\/\"},{\"@type\":\"ListItem\",\"position\":2,\"name\":\"Pr\u00e9sentation g\u00e9n\u00e9rale\"}]},{\"@type\":\"WebSite\",\"@id\":\"https:\/\/liaisonsdassilah.com\/#website\",\"url\":\"https:\/\/liaisonsdassilah.com\/\",\"name\":\"LIAISONS D'ASSILAH\",\"description\":\"Entre deux rives, on fait le pont.\",\"publisher\":{\"@id\":\"https:\/\/liaisonsdassilah.com\/#organization\"},\"potentialAction\":[{\"@type\":\"SearchAction\",\"target\":{\"@type\":\"EntryPoint\",\"urlTemplate\":\"https:\/\/liaisonsdassilah.com\/?s={search_term_string}\"},\"query-input\":{\"@type\":\"PropertyValueSpecification\",\"valueRequired\":true,\"valueName\":\"search_term_string\"}}],\"inLanguage\":\"fr-BE\"},{\"@type\":\"Organization\",\"@id\":\"https:\/\/liaisonsdassilah.com\/#organization\",\"name\":\"LIAISONS D'ASSILAH\",\"url\":\"https:\/\/liaisonsdassilah.com\/\",\"logo\":{\"@type\":\"ImageObject\",\"inLanguage\":\"fr-BE\",\"@id\":\"https:\/\/liaisonsdassilah.com\/#\/schema\/logo\/image\/\",\"url\":\"https:\/\/liaisonsdassilah.com\/wp-content\/uploads\/2025\/08\/SAVE_20250802_242504-1.jpg\",\"contentUrl\":\"https:\/\/liaisonsdassilah.com\/wp-content\/uploads\/2025\/08\/SAVE_20250802_242504-1.jpg\",\"width\":1280,\"height\":906,\"caption\":\"LIAISONS D'ASSILAH\"},\"image\":{\"@id\":\"https:\/\/liaisonsdassilah.com\/#\/schema\/logo\/image\/\"}}]}<\/script>\n<!-- \/ Yoast SEO plugin. -->","yoast_head_json":{"title":"Pr\u00e9sentation g\u00e9n\u00e9rale - LIAISONS D&#039;ASSILAH","robots":{"index":"index","follow":"follow","max-snippet":"max-snippet:-1","max-image-preview":"max-image-preview:large","max-video-preview":"max-video-preview:-1"},"canonical":"https:\/\/liaisonsdassilah.com\/?page_id=43","og_locale":"fr_FR","og_type":"article","og_title":"Pr\u00e9sentation g\u00e9n\u00e9rale - LIAISONS D&#039;ASSILAH","og_description":"\u0645\u0644\u064a &rarr;","og_url":"https:\/\/liaisonsdassilah.com\/?page_id=43","og_site_name":"LIAISONS D&#039;ASSILAH","article_modified_time":"2025-08-06T14:34:12+00:00","og_image":[{"width":1316,"height":1334,"url":"https:\/\/liaisonsdassilah.com\/wp-content\/uploads\/2025\/08\/IMG_0812.jpeg","type":"image\/jpeg"}],"twitter_card":"summary_large_image","twitter_misc":{"Dur\u00e9e de lecture est.":"3 minutes"},"schema":{"@context":"https:\/\/schema.org","@graph":[{"@type":"WebPage","@id":"https:\/\/liaisonsdassilah.com\/?page_id=43","url":"https:\/\/liaisonsdassilah.com\/?page_id=43","name":"Pr\u00e9sentation g\u00e9n\u00e9rale - LIAISONS D&#039;ASSILAH","isPartOf":{"@id":"https:\/\/liaisonsdassilah.com\/#website"},"primaryImageOfPage":{"@id":"https:\/\/liaisonsdassilah.com\/?page_id=43#primaryimage"},"image":{"@id":"https:\/\/liaisonsdassilah.com\/?page_id=43#primaryimage"},"thumbnailUrl":"https:\/\/liaisonsdassilah.com\/wp-content\/uploads\/2025\/08\/IMG_0812-1010x1024.jpeg","datePublished":"2025-08-02T15:51:45+00:00","dateModified":"2025-08-06T14:34:12+00:00","breadcrumb":{"@id":"https:\/\/liaisonsdassilah.com\/?page_id=43#breadcrumb"},"inLanguage":"fr-BE","potentialAction":[{"@type":"ReadAction","target":["https:\/\/liaisonsdassilah.com\/?page_id=43"]}]},{"@type":"ImageObject","inLanguage":"fr-BE","@id":"https:\/\/liaisonsdassilah.com\/?page_id=43#primaryimage","url":"https:\/\/liaisonsdassilah.com\/wp-content\/uploads\/2025\/08\/IMG_0812.jpeg","contentUrl":"https:\/\/liaisonsdassilah.com\/wp-content\/uploads\/2025\/08\/IMG_0812.jpeg","width":1316,"height":1334},{"@type":"BreadcrumbList","@id":"https:\/\/liaisonsdassilah.com\/?page_id=43#breadcrumb","itemListElement":[{"@type":"ListItem","position":1,"name":"Accueil","item":"https:\/\/liaisonsdassilah.com\/"},{"@type":"ListItem","position":2,"name":"Pr\u00e9sentation g\u00e9n\u00e9rale"}]},{"@type":"WebSite","@id":"https:\/\/liaisonsdassilah.com\/#website","url":"https:\/\/liaisonsdassilah.com\/","name":"LIAISONS D'ASSILAH","description":"Entre deux rives, on fait le pont.","publisher":{"@id":"https:\/\/liaisonsdassilah.com\/#organization"},"potentialAction":[{"@type":"SearchAction","target":{"@type":"EntryPoint","urlTemplate":"https:\/\/liaisonsdassilah.com\/?s={search_term_string}"},"query-input":{"@type":"PropertyValueSpecification","valueRequired":true,"valueName":"search_term_string"}}],"inLanguage":"fr-BE"},{"@type":"Organization","@id":"https:\/\/liaisonsdassilah.com\/#organization","name":"LIAISONS D'ASSILAH","url":"https:\/\/liaisonsdassilah.com\/","logo":{"@type":"ImageObject","inLanguage":"fr-BE","@id":"https:\/\/liaisonsdassilah.com\/#\/schema\/logo\/image\/","url":"https:\/\/liaisonsdassilah.com\/wp-content\/uploads\/2025\/08\/SAVE_20250802_242504-1.jpg","contentUrl":"https:\/\/liaisonsdassilah.com\/wp-content\/uploads\/2025\/08\/SAVE_20250802_242504-1.jpg","width":1280,"height":906,"caption":"LIAISONS D'ASSILAH"},"image":{"@id":"https:\/\/liaisonsdassilah.com\/#\/schema\/logo\/image\/"}}]}},"_links":{"self":[{"href":"https:\/\/liaisonsdassilah.com\/index.php?rest_route=\/wp\/v2\/pages\/43","targetHints":{"allow":["GET"]}}],"collection":[{"href":"https:\/\/liaisonsdassilah.com\/index.php?rest_route=\/wp\/v2\/pages"}],"about":[{"href":"https:\/\/liaisonsdassilah.com\/index.php?rest_route=\/wp\/v2\/types\/page"}],"author":[{"embeddable":true,"href":"https:\/\/liaisonsdassilah.com\/index.php?rest_route=\/wp\/v2\/users\/1"}],"replies":[{"embeddable":true,"href":"https:\/\/liaisonsdassilah.com\/index.php?rest_route=%2Fwp%2Fv2%2Fcomments&post=43"}],"version-history":[{"count":41,"href":"https:\/\/liaisonsdassilah.com\/index.php?rest_route=\/wp\/v2\/pages\/43\/revisions"}],"predecessor-version":[{"id":347,"href":"https:\/\/liaisonsdassilah.com\/index.php?rest_route=\/wp\/v2\/pages\/43\/revisions\/347"}],"wp:attachment":[{"href":"https:\/\/liaisonsdassilah.com\/index.php?rest_route=%2Fwp%2Fv2%2Fmedia&parent=43"}],"curies":[{"name":"wp","href":"https:\/\/api.w.org\/{rel}","templated":true}]}}