{"id":37,"date":"2025-08-02T15:24:33","date_gmt":"2025-08-02T15:24:33","guid":{"rendered":"https:\/\/liaisonsdassilah.com\/?page_id=37"},"modified":"2025-08-11T16:37:39","modified_gmt":"2025-08-11T16:37:39","slug":"espace-socioculturel","status":"publish","type":"page","link":"https:\/\/liaisonsdassilah.com\/?page_id=37","title":{"rendered":"Espace Socioculturel"},"content":{"rendered":"\n<p class=\"has-text-align-right\"><strong>\u0645\u0644\u064a \u0643\u064a\u0644\u0642\u0627 \u0627\u0644\u063a\u0631\u0628 \u0627\u0644\u0634\u0631\u0642<\/strong><\/p>\n\n\n\n<p><strong>\u00c9<\/strong>crivain \/ \u00c9crivaine &#8211; \u0643\u0627\u062a\u0628 \/ \u0643\u0627\u062a\u0628\u0629<br><\/p>\n\n\n\n<p><strong>Fatiha<\/strong> <strong>Chakoui<\/strong> est \u00e9crivaine et figure embl\u00e9matique d\u2019Assilah. Ancienne professeure appr\u00e9ci\u00e9e de plusieurs g\u00e9n\u00e9rations, elle a laiss\u00e9 une empreinte profonde dans les esprits par son engagement, sa p\u00e9dagogie et sa proximit\u00e9 avec les habitants. Son premier ouvrage, Le Journal d\u2019un confin\u00e9, t\u00e9moigne avec justesse et sensibilit\u00e9 d\u2019un regard lucide sur notre \u00e9poque. Connue et respect\u00e9e par toute la population d\u2019Assilah, Fatiha Chakoui incarne la m\u00e9moire vivante et l\u2019\u00e9l\u00e9gance intellectuelle d\u2019une ville qu\u2019elle continue d\u2019inspirer.<\/p>\n\n\n<div class=\"wp-block-image\">\n<figure class=\"alignleft size-full is-resized\"><img loading=\"lazy\" decoding=\"async\" width=\"182\" height=\"316\" src=\"https:\/\/liaisonsdassilah.com\/wp-content\/uploads\/2025\/08\/33333_Plan-de-travail-1.png\" alt=\"\" class=\"wp-image-177\" style=\"width:206px;height:auto\" srcset=\"https:\/\/liaisonsdassilah.com\/wp-content\/uploads\/2025\/08\/33333_Plan-de-travail-1.png 182w, https:\/\/liaisonsdassilah.com\/wp-content\/uploads\/2025\/08\/33333_Plan-de-travail-1-173x300.png 173w, https:\/\/liaisonsdassilah.com\/wp-content\/uploads\/2025\/08\/33333_Plan-de-travail-1-86x150.png 86w\" sizes=\"auto, (max-width: 182px) 100vw, 182px\" \/><\/figure><\/div>\n\n<div class=\"wp-block-image\">\n<figure class=\"alignright size-full is-resized\"><img loading=\"lazy\" decoding=\"async\" width=\"491\" height=\"590\" src=\"https:\/\/liaisonsdassilah.com\/wp-content\/uploads\/2025\/08\/IMG_0841.jpeg\" alt=\"\" class=\"wp-image-385\" style=\"width:219px;height:auto\" srcset=\"https:\/\/liaisonsdassilah.com\/wp-content\/uploads\/2025\/08\/IMG_0841.jpeg 491w, https:\/\/liaisonsdassilah.com\/wp-content\/uploads\/2025\/08\/IMG_0841-250x300.jpeg 250w, https:\/\/liaisonsdassilah.com\/wp-content\/uploads\/2025\/08\/IMG_0841-125x150.jpeg 125w\" sizes=\"auto, (max-width: 491px) 100vw, 491px\" \/><\/figure><\/div>\n\n\n<p><\/p>\n\n\n\n<p><\/p>\n\n\n\n<p><\/p>\n\n\n\n<p><\/p>\n\n\n\n<p><\/p>\n\n\n\n<p><\/p>\n\n\n\n<p><\/p>\n\n\n\n<p class=\"has-text-align-right\"><strong>\u0641\u062a\u064a\u062d\u0629<\/strong> <strong>\u0627\u0644\u0634\u0627\u0648\u064a<\/strong> \u0643\u0627\u062a\u0628\u0629 \u0648\u0634\u062e\u0635\u064a\u0629 \u0628\u0627\u0631\u0632\u0629 \u0641\u0645\u062f\u064a\u0646\u0629 \u0623\u0635\u064a\u0644\u0629. \u0643\u0627\u0646\u062a \u0623\u0633\u062a\u0627\u0630\u0629 \u0645\u062d\u062a\u0631\u0645\u0629 \u0648\u0645\u062d\u0628\u0648\u0628\u0629 \u0645\u0646 \u0623\u062c\u064a\u0627\u0644 \u0643\u062b\u064a\u0631\u0629\u060c \u0648\u062e\u062f\u0627\u062a \u0645\u0643\u0627\u0646\u0629 \u062e\u0627\u0635\u0629 \u0641\u0642\u0644\u0648\u0628 \u0627\u0644\u0646\u0627\u0633 \u0628\u0641\u0636\u0644 \u0627\u0644\u062a\u0632\u0627\u0645\u0647\u0627\u060c \u0637\u0631\u064a\u0642\u062a\u0647\u0627 \u0641\u0627\u0644\u0634\u0631\u062d\u060c \u0648\u0642\u0631\u0628\u0647\u0627 \u0645\u0646 \u0627\u0644\u0633\u0627\u0643\u0646\u0629. \u0643\u062a\u0627\u0628\u0647\u0627 \u0627\u0644\u0623\u0648\u0644 \u0645\u0630\u0643\u0631\u0627\u062a \u0645\u064f\u062d\u0652\u062a\u064e\u062c\u064e\u0632 \u0641\u062f\u064a\u0627\u0631\u0648 \u0643\u064a\u0639\u0643\u0633 \u0628\u0646\u0638\u0631\u0629 \u0631\u0642\u064a\u0642\u0629 \u0648\u0648\u0627\u0639\u064a\u0629 \u0627\u0644\u0648\u0627\u0642\u0639 \u062f\u064a\u0627\u0644 \u0627\u0644\u0632\u0645\u0646 \u0627\u0644\u0644\u064a \u0643\u0646\u0639\u064a\u0634\u0648\u0647. \u0645\u0639\u0631\u0648\u0641\u0629 \u0648\u0645\u062d\u0628\u0648\u0628\u0629 \u0639\u0646\u062f \u062c\u0645\u064a\u0639 \u0633\u0643\u0627\u0646 \u0623\u0635\u064a\u0644\u0629\u060c \u0641\u062a\u064a\u062d\u0629 \u0627\u0644\u0634\u0627\u0648\u064a \u0643\u062a\u062c\u0633\u062f \u0627\u0644\u0630\u0627\u0643\u0631\u0629 \u0627\u0644\u062d\u064a\u0629 \u0648\u0627\u0644\u0631\u0642\u064a \u0627\u0644\u062b\u0642\u0627\u0641\u064a \u062f\u064a\u0627\u0644 \u0645\u062f\u064a\u0646\u0629 \u0632\u0648\u064a\u0646\u0629 \u0645\u0627 \u0632\u0627\u0644 \u0643\u062a\u0633\u0643\u0646 \u0627\u0644\u0642\u0644\u0648\u0628 \u0648\u0643\u062a\u0644\u0647\u0645 \u0628\u0627\u0644\u0625\u0644\u0647\u0627\u0645<\/p>\n\n\n\n<hr class=\"wp-block-separator has-alpha-channel-opacity\"\/>\n\n\n\n<p class=\"has-text-align-center\"><\/p>\n\n\n\n<p><strong>Zohra<\/strong> <strong>Rafifi<\/strong> est \u00e9crivaine, com\u00e9dienne et responsable communautaire. Son parcours personnel riche et inspirant nourrit une \u0153uvre singuli\u00e8re, o\u00f9 l\u2019imaginaire devient voie de gu\u00e9rison. Son premier roman, Derri\u00e8re la Brume &amp; le Voile, retrace le destin de Zao, une femme guid\u00e9e par ses r\u00eaves pr\u00e9monitoires, entre douleurs, r\u00e9v\u00e9lations et renaissance. \u00c0 travers ce r\u00e9cit m\u00ealant myst\u00e8re et profondeur, Zohra Rafifi explore la fronti\u00e8re entre r\u00eave et r\u00e9alit\u00e9, et nous invite \u00e0 \u00e9couter les signes de l\u2019invisible pour mieux se comprendre. Une voix singuli\u00e8re, port\u00e9e par la po\u00e9sie des songes et la force de <\/p>\n\n\n<div class=\"wp-block-image\">\n<figure class=\"alignleft size-full is-resized\"><a href=\"https:\/\/linktr.ee\/zaozo?fbclid=IwQ0xDSwMG-YNleHRuA2FlbQIxMAABHsKcH29i89zpjahv9k0XZnUeAz9ERu8M95EnuoyJuFR64qcwZxO4kgy7Kv8B_aem_7Y2LOrp79oiqhFPf3EGYbA\"><img loading=\"lazy\" decoding=\"async\" width=\"652\" height=\"1192\" src=\"https:\/\/liaisonsdassilah.com\/wp-content\/uploads\/2025\/08\/IMG_0842.jpeg\" alt=\"\" class=\"wp-image-399\" style=\"width:197px;height:auto\" srcset=\"https:\/\/liaisonsdassilah.com\/wp-content\/uploads\/2025\/08\/IMG_0842.jpeg 652w, https:\/\/liaisonsdassilah.com\/wp-content\/uploads\/2025\/08\/IMG_0842-164x300.jpeg 164w, https:\/\/liaisonsdassilah.com\/wp-content\/uploads\/2025\/08\/IMG_0842-560x1024.jpeg 560w, https:\/\/liaisonsdassilah.com\/wp-content\/uploads\/2025\/08\/IMG_0842-82x150.jpeg 82w\" sizes=\"auto, (max-width: 652px) 100vw, 652px\" \/><\/a><\/figure><\/div>\n\n\n<p>\u2b05\ufe0f <strong>Pour d\u00e9couvrir le livre, cliquez sur image<\/strong><\/p>\n\n\n<div class=\"wp-block-image\">\n<figure class=\"alignright size-full is-resized\"><img loading=\"lazy\" decoding=\"async\" width=\"655\" height=\"771\" src=\"https:\/\/liaisonsdassilah.com\/wp-content\/uploads\/2025\/08\/IMG_0791-2.jpeg\" alt=\"\" class=\"wp-image-391\" style=\"width:194px;height:auto\" srcset=\"https:\/\/liaisonsdassilah.com\/wp-content\/uploads\/2025\/08\/IMG_0791-2.jpeg 655w, https:\/\/liaisonsdassilah.com\/wp-content\/uploads\/2025\/08\/IMG_0791-2-255x300.jpeg 255w, https:\/\/liaisonsdassilah.com\/wp-content\/uploads\/2025\/08\/IMG_0791-2-127x150.jpeg 127w\" sizes=\"auto, (max-width: 655px) 100vw, 655px\" \/><\/figure><\/div>\n\n\n<p class=\"has-text-align-center\"><a href=\"https:\/\/aujourdhui.ma\/culture\/zohra-rafifi-le-personnage-de-zao-est-une-extension-de-moi-meme\">https:\/\/aujourdhui.ma\/culture\/zohra-rafifi-le-personnage-de-zao-est-une-extension-de-moi-meme<\/a><\/p>\n\n\n\n<p><\/p>\n\n\n\n<p><\/p>\n\n\n\n<p><\/p>\n\n\n\n<p><\/p>\n\n\n\n<p class=\"has-text-align-right\"><strong>\u0632\u0647\u0631\u0629<\/strong> <strong>\u0631\u0627\u0641\u064a\u0641\u064a<\/strong> \u0643\u0627\u062a\u0628\u0629\u060c \u0645\u0645\u062b\u0644\u0629\u060c \u0648\u0645\u0633\u0624\u0648\u0644\u0629 \u0645\u062c\u062a\u0645\u0639\u064a\u0629. \u0627\u0644\u0645\u0633\u0627\u0631 \u062f\u064a\u0627\u0644\u0647\u0627 \u0627\u0644\u0634\u062e\u0635\u064a\u060c \u0627\u0644\u0644\u064a \u0639\u0627\u0645\u0631 \u0628\u0627\u0644\u062a\u062c\u0627\u0631\u0628 \u0648\u0645\u0644\u0647\u0645\u060c \u0643\u064a\u063a\u062f\u064a \u0648\u0627\u062d\u062f \u0627\u0644\u0639\u0645\u0644 \u0627\u0644\u0623\u062f\u0628\u064a \u0645\u0645\u064a\u0632\u060c \u0641\u064a\u0646 \u0643\u064a\u0644\u0639\u0628 \u0627\u0644\u062e\u064a\u0627\u0644 \u062f\u0648\u0631 \u0645\u0647\u0645 \u0641\u0627\u0644\u0641\u0647\u0645 \u0648\u0627\u0644\u0627\u062a\u0635\u0627\u0644 \u0628\u0627\u0644\u0630\u0627\u062a. \u0627\u0644\u0631\u0648\u0627\u064a\u0629 \u0627\u0644\u0623\u0648\u0644\u0649 \u062f\u064a\u0627\u0644\u0647\u0627 \u201c\u0648\u0631\u0627\u0621 \u0627\u0644\u0636\u0628\u0627\u0628 \u0648\u0627\u0644\u062d\u062c\u0627\u0628\u201d \u0643\u062a\u062d\u0643\u064a \u0639\u0644\u0649 \u0632\u0627\u0648\u060c \u0645\u0631\u0627 \u0643\u062a\u062a\u0628\u0639 \u0627\u0644\u0623\u062d\u0644\u0627\u0645 \u062f\u064a\u0627\u0644\u0647\u0627 \u0627\u0644\u0644\u064a \u0641\u064a\u0647\u0627 \u0631\u0624\u0649 \u0645\u0633\u062a\u0642\u0628\u0644\u064a\u0629\u060c \u0648\u0633\u0637 \u0627\u0644\u0623\u0644\u0645\u060c \u0627\u0644\u0627\u0643\u062a\u0634\u0627\u0641\u060c \u0648\u0627\u0644\u0648\u0644\u0627\u062f\u0629 \u0645\u0646 \u062c\u062f\u064a\u062f. \u0645\u0646 \u062e\u0644\u0627\u0644 \u0647\u0627\u062f \u0627\u0644\u0642\u0635\u0629 \u0627\u0644\u0644\u064a \u0643\u062a\u0645\u0632\u062c \u0627\u0644\u063a\u0645\u0648\u0636 \u0628\u0627\u0644\u0639\u0645\u0642\u060c \u0632\u0647\u0631\u0629 \u0631\u0627\u0641\u064a\u0641\u064a \u0643\u062a\u062d\u0627\u0648\u0644 \u062a\u0642\u0631\u0628\u0646\u0627 \u0645\u0646 \u0627\u0644\u062d\u062f \u0627\u0644\u0641\u0627\u0635\u0644 \u0628\u064a\u0646 \u0627\u0644\u062d\u0644\u0645 \u0648\u0627\u0644\u062d\u0642\u064a\u0642\u0629\u060c \u0648\u0643\u062a\u062f\u0639\u064a\u0646\u0627 \u0646\u0635\u063a\u064a\u0648 \u0644\u0644\u0625\u0634\u0627\u0631\u0627\u062a \u0627\u0644\u062e\u0641\u064a\u0629 \u0628\u0627\u0634 \u0646\u0641\u0647\u0645\u0648 \u0631\u0627\u0633\u0646\u0627 \u0623\u0643\u062b\u0631. \u0635\u0648\u062a \u0623\u062f\u0628\u064a \u062e\u0627\u0635\u060c \u0643\u064a\u062a\u0645\u064a\u0632 \u0628\u0634\u0627\u0639\u0631\u064a\u0629 \u0627\u0644\u0623\u062d\u0644\u0627\u0645 \u0648\u0642\u0648\u0629 \u0627\u0644\u062d\u062f\u0633<\/p>\n\n\n\n<hr class=\"wp-block-separator has-alpha-channel-opacity\"\/>\n\n\n<div class=\"wp-block-image\">\n<figure class=\"aligncenter size-large is-resized\"><img loading=\"lazy\" decoding=\"async\" width=\"1024\" height=\"638\" src=\"https:\/\/liaisonsdassilah.com\/wp-content\/uploads\/2025\/08\/IMG_0831-1-1024x638.jpeg\" alt=\"\" class=\"wp-image-430\" style=\"width:610px;height:auto\" srcset=\"https:\/\/liaisonsdassilah.com\/wp-content\/uploads\/2025\/08\/IMG_0831-1-1024x638.jpeg 1024w, https:\/\/liaisonsdassilah.com\/wp-content\/uploads\/2025\/08\/IMG_0831-1-300x187.jpeg 300w, https:\/\/liaisonsdassilah.com\/wp-content\/uploads\/2025\/08\/IMG_0831-1-768x478.jpeg 768w, https:\/\/liaisonsdassilah.com\/wp-content\/uploads\/2025\/08\/IMG_0831-1-1536x957.jpeg 1536w, https:\/\/liaisonsdassilah.com\/wp-content\/uploads\/2025\/08\/IMG_0831-1-2048x1276.jpeg 2048w, https:\/\/liaisonsdassilah.com\/wp-content\/uploads\/2025\/08\/IMG_0831-1-150x93.jpeg 150w, https:\/\/liaisonsdassilah.com\/wp-content\/uploads\/2025\/08\/IMG_0831-1-241x150.jpeg 241w\" sizes=\"auto, (max-width: 1024px) 100vw, 1024px\" \/><\/figure><\/div>\n\n\n<p class=\"has-text-align-center\"><a href=\"https:\/\/tanja24.com\/fr\/index.php\/2024\/09\/05\/assilah-terre-daccueil-et-de-richesse-feminine\">https:\/\/tanja24.com\/fr\/index.php\/2024\/09\/05\/assilah-terre-daccueil-et-de-richesse-feminine<\/a><\/p>\n\n\n\n<hr class=\"wp-block-separator has-alpha-channel-opacity\"\/>\n\n\n<div class=\"wp-block-image\">\n<figure class=\"aligncenter size-large is-resized\"><a href=\"https:\/\/tanja24.com\/fr\/index.php\/2024\/09\/05\/assilah-terre-daccueil-et-de-richesse-feminine\"><img loading=\"lazy\" decoding=\"async\" width=\"1024\" height=\"768\" src=\"https:\/\/liaisonsdassilah.com\/wp-content\/uploads\/2025\/08\/IMG-20240628-WA0019_Original-1024x768.jpeg\" alt=\"\" class=\"wp-image-53\" style=\"width:585px;height:auto\" srcset=\"https:\/\/liaisonsdassilah.com\/wp-content\/uploads\/2025\/08\/IMG-20240628-WA0019_Original-1024x768.jpeg 1024w, https:\/\/liaisonsdassilah.com\/wp-content\/uploads\/2025\/08\/IMG-20240628-WA0019_Original-300x225.jpeg 300w, https:\/\/liaisonsdassilah.com\/wp-content\/uploads\/2025\/08\/IMG-20240628-WA0019_Original-768x576.jpeg 768w, https:\/\/liaisonsdassilah.com\/wp-content\/uploads\/2025\/08\/IMG-20240628-WA0019_Original-1536x1152.jpeg 1536w, https:\/\/liaisonsdassilah.com\/wp-content\/uploads\/2025\/08\/IMG-20240628-WA0019_Original-150x113.jpeg 150w, https:\/\/liaisonsdassilah.com\/wp-content\/uploads\/2025\/08\/IMG-20240628-WA0019_Original-200x150.jpeg 200w, https:\/\/liaisonsdassilah.com\/wp-content\/uploads\/2025\/08\/IMG-20240628-WA0019_Original.jpeg 1600w\" sizes=\"auto, (max-width: 1024px) 100vw, 1024px\" \/><\/a><\/figure><\/div>\n\n\n<p><\/p>\n\n\n\n<p><\/p>\n\n\n\n<p><\/p>\n\n\n\n<p><\/p>\n\n\n\n<p><\/p>\n\n\n\n<p><\/p>\n\n\n\n<p><\/p>\n\n\n\n<p><\/p>\n","protected":false},"excerpt":{"rendered":"<p>\u0645\u0644\u064a <a class=\"continue-reading-link\" href=\"https:\/\/liaisonsdassilah.com\/?page_id=37\"> <span class=\"meta-nav\">&rarr; <\/span><\/a><\/p>\n","protected":false},"author":1,"featured_media":0,"parent":0,"menu_order":0,"comment_status":"closed","ping_status":"closed","template":"","meta":{"footnotes":""},"class_list":["post-37","page","type-page","status-publish","hentry"],"yoast_head":"<!-- This site is optimized with the Yoast SEO plugin v25.6 - https:\/\/yoast.com\/wordpress\/plugins\/seo\/ -->\n<title>Espace Socioculturel - LIAISONS D&#039;ASSILAH<\/title>\n<meta name=\"robots\" content=\"index, follow, max-snippet:-1, max-image-preview:large, max-video-preview:-1\" \/>\n<link rel=\"canonical\" href=\"https:\/\/liaisonsdassilah.com\/?page_id=37\" \/>\n<meta property=\"og:locale\" content=\"fr_FR\" \/>\n<meta property=\"og:type\" content=\"article\" \/>\n<meta property=\"og:title\" content=\"Espace Socioculturel - LIAISONS D&#039;ASSILAH\" \/>\n<meta property=\"og:description\" content=\"\u0645\u0644\u064a &rarr;\" \/>\n<meta property=\"og:url\" content=\"https:\/\/liaisonsdassilah.com\/?page_id=37\" \/>\n<meta property=\"og:site_name\" content=\"LIAISONS D&#039;ASSILAH\" \/>\n<meta property=\"article:modified_time\" content=\"2025-08-11T16:37:39+00:00\" \/>\n<meta property=\"og:image\" content=\"https:\/\/liaisonsdassilah.com\/wp-content\/uploads\/2025\/08\/33333_Plan-de-travail-1.png\" \/>\n\t<meta property=\"og:image:width\" content=\"182\" \/>\n\t<meta property=\"og:image:height\" content=\"316\" \/>\n\t<meta property=\"og:image:type\" content=\"image\/png\" \/>\n<meta name=\"twitter:card\" content=\"summary_large_image\" \/>\n<meta name=\"twitter:label1\" content=\"Dur\u00e9e de lecture est.\" \/>\n\t<meta name=\"twitter:data1\" content=\"3 minutes\" \/>\n<script type=\"application\/ld+json\" class=\"yoast-schema-graph\">{\"@context\":\"https:\/\/schema.org\",\"@graph\":[{\"@type\":\"WebPage\",\"@id\":\"https:\/\/liaisonsdassilah.com\/?page_id=37\",\"url\":\"https:\/\/liaisonsdassilah.com\/?page_id=37\",\"name\":\"Espace Socioculturel - LIAISONS D&#039;ASSILAH\",\"isPartOf\":{\"@id\":\"https:\/\/liaisonsdassilah.com\/#website\"},\"primaryImageOfPage\":{\"@id\":\"https:\/\/liaisonsdassilah.com\/?page_id=37#primaryimage\"},\"image\":{\"@id\":\"https:\/\/liaisonsdassilah.com\/?page_id=37#primaryimage\"},\"thumbnailUrl\":\"https:\/\/liaisonsdassilah.com\/wp-content\/uploads\/2025\/08\/33333_Plan-de-travail-1.png\",\"datePublished\":\"2025-08-02T15:24:33+00:00\",\"dateModified\":\"2025-08-11T16:37:39+00:00\",\"breadcrumb\":{\"@id\":\"https:\/\/liaisonsdassilah.com\/?page_id=37#breadcrumb\"},\"inLanguage\":\"fr-BE\",\"potentialAction\":[{\"@type\":\"ReadAction\",\"target\":[\"https:\/\/liaisonsdassilah.com\/?page_id=37\"]}]},{\"@type\":\"ImageObject\",\"inLanguage\":\"fr-BE\",\"@id\":\"https:\/\/liaisonsdassilah.com\/?page_id=37#primaryimage\",\"url\":\"https:\/\/liaisonsdassilah.com\/wp-content\/uploads\/2025\/08\/33333_Plan-de-travail-1.png\",\"contentUrl\":\"https:\/\/liaisonsdassilah.com\/wp-content\/uploads\/2025\/08\/33333_Plan-de-travail-1.png\",\"width\":182,\"height\":316},{\"@type\":\"BreadcrumbList\",\"@id\":\"https:\/\/liaisonsdassilah.com\/?page_id=37#breadcrumb\",\"itemListElement\":[{\"@type\":\"ListItem\",\"position\":1,\"name\":\"Accueil\",\"item\":\"https:\/\/liaisonsdassilah.com\/\"},{\"@type\":\"ListItem\",\"position\":2,\"name\":\"Espace Socioculturel\"}]},{\"@type\":\"WebSite\",\"@id\":\"https:\/\/liaisonsdassilah.com\/#website\",\"url\":\"https:\/\/liaisonsdassilah.com\/\",\"name\":\"LIAISONS D'ASSILAH\",\"description\":\"Entre deux rives, on fait le pont.\",\"publisher\":{\"@id\":\"https:\/\/liaisonsdassilah.com\/#organization\"},\"potentialAction\":[{\"@type\":\"SearchAction\",\"target\":{\"@type\":\"EntryPoint\",\"urlTemplate\":\"https:\/\/liaisonsdassilah.com\/?s={search_term_string}\"},\"query-input\":{\"@type\":\"PropertyValueSpecification\",\"valueRequired\":true,\"valueName\":\"search_term_string\"}}],\"inLanguage\":\"fr-BE\"},{\"@type\":\"Organization\",\"@id\":\"https:\/\/liaisonsdassilah.com\/#organization\",\"name\":\"LIAISONS D'ASSILAH\",\"url\":\"https:\/\/liaisonsdassilah.com\/\",\"logo\":{\"@type\":\"ImageObject\",\"inLanguage\":\"fr-BE\",\"@id\":\"https:\/\/liaisonsdassilah.com\/#\/schema\/logo\/image\/\",\"url\":\"https:\/\/liaisonsdassilah.com\/wp-content\/uploads\/2025\/08\/SAVE_20250802_242504-1.jpg\",\"contentUrl\":\"https:\/\/liaisonsdassilah.com\/wp-content\/uploads\/2025\/08\/SAVE_20250802_242504-1.jpg\",\"width\":1280,\"height\":906,\"caption\":\"LIAISONS D'ASSILAH\"},\"image\":{\"@id\":\"https:\/\/liaisonsdassilah.com\/#\/schema\/logo\/image\/\"}}]}<\/script>\n<!-- \/ Yoast SEO plugin. -->","yoast_head_json":{"title":"Espace Socioculturel - LIAISONS D&#039;ASSILAH","robots":{"index":"index","follow":"follow","max-snippet":"max-snippet:-1","max-image-preview":"max-image-preview:large","max-video-preview":"max-video-preview:-1"},"canonical":"https:\/\/liaisonsdassilah.com\/?page_id=37","og_locale":"fr_FR","og_type":"article","og_title":"Espace Socioculturel - LIAISONS D&#039;ASSILAH","og_description":"\u0645\u0644\u064a &rarr;","og_url":"https:\/\/liaisonsdassilah.com\/?page_id=37","og_site_name":"LIAISONS D&#039;ASSILAH","article_modified_time":"2025-08-11T16:37:39+00:00","og_image":[{"width":182,"height":316,"url":"https:\/\/liaisonsdassilah.com\/wp-content\/uploads\/2025\/08\/33333_Plan-de-travail-1.png","type":"image\/png"}],"twitter_card":"summary_large_image","twitter_misc":{"Dur\u00e9e de lecture est.":"3 minutes"},"schema":{"@context":"https:\/\/schema.org","@graph":[{"@type":"WebPage","@id":"https:\/\/liaisonsdassilah.com\/?page_id=37","url":"https:\/\/liaisonsdassilah.com\/?page_id=37","name":"Espace Socioculturel - LIAISONS D&#039;ASSILAH","isPartOf":{"@id":"https:\/\/liaisonsdassilah.com\/#website"},"primaryImageOfPage":{"@id":"https:\/\/liaisonsdassilah.com\/?page_id=37#primaryimage"},"image":{"@id":"https:\/\/liaisonsdassilah.com\/?page_id=37#primaryimage"},"thumbnailUrl":"https:\/\/liaisonsdassilah.com\/wp-content\/uploads\/2025\/08\/33333_Plan-de-travail-1.png","datePublished":"2025-08-02T15:24:33+00:00","dateModified":"2025-08-11T16:37:39+00:00","breadcrumb":{"@id":"https:\/\/liaisonsdassilah.com\/?page_id=37#breadcrumb"},"inLanguage":"fr-BE","potentialAction":[{"@type":"ReadAction","target":["https:\/\/liaisonsdassilah.com\/?page_id=37"]}]},{"@type":"ImageObject","inLanguage":"fr-BE","@id":"https:\/\/liaisonsdassilah.com\/?page_id=37#primaryimage","url":"https:\/\/liaisonsdassilah.com\/wp-content\/uploads\/2025\/08\/33333_Plan-de-travail-1.png","contentUrl":"https:\/\/liaisonsdassilah.com\/wp-content\/uploads\/2025\/08\/33333_Plan-de-travail-1.png","width":182,"height":316},{"@type":"BreadcrumbList","@id":"https:\/\/liaisonsdassilah.com\/?page_id=37#breadcrumb","itemListElement":[{"@type":"ListItem","position":1,"name":"Accueil","item":"https:\/\/liaisonsdassilah.com\/"},{"@type":"ListItem","position":2,"name":"Espace Socioculturel"}]},{"@type":"WebSite","@id":"https:\/\/liaisonsdassilah.com\/#website","url":"https:\/\/liaisonsdassilah.com\/","name":"LIAISONS D'ASSILAH","description":"Entre deux rives, on fait le pont.","publisher":{"@id":"https:\/\/liaisonsdassilah.com\/#organization"},"potentialAction":[{"@type":"SearchAction","target":{"@type":"EntryPoint","urlTemplate":"https:\/\/liaisonsdassilah.com\/?s={search_term_string}"},"query-input":{"@type":"PropertyValueSpecification","valueRequired":true,"valueName":"search_term_string"}}],"inLanguage":"fr-BE"},{"@type":"Organization","@id":"https:\/\/liaisonsdassilah.com\/#organization","name":"LIAISONS D'ASSILAH","url":"https:\/\/liaisonsdassilah.com\/","logo":{"@type":"ImageObject","inLanguage":"fr-BE","@id":"https:\/\/liaisonsdassilah.com\/#\/schema\/logo\/image\/","url":"https:\/\/liaisonsdassilah.com\/wp-content\/uploads\/2025\/08\/SAVE_20250802_242504-1.jpg","contentUrl":"https:\/\/liaisonsdassilah.com\/wp-content\/uploads\/2025\/08\/SAVE_20250802_242504-1.jpg","width":1280,"height":906,"caption":"LIAISONS D'ASSILAH"},"image":{"@id":"https:\/\/liaisonsdassilah.com\/#\/schema\/logo\/image\/"}}]}},"_links":{"self":[{"href":"https:\/\/liaisonsdassilah.com\/index.php?rest_route=\/wp\/v2\/pages\/37","targetHints":{"allow":["GET"]}}],"collection":[{"href":"https:\/\/liaisonsdassilah.com\/index.php?rest_route=\/wp\/v2\/pages"}],"about":[{"href":"https:\/\/liaisonsdassilah.com\/index.php?rest_route=\/wp\/v2\/types\/page"}],"author":[{"embeddable":true,"href":"https:\/\/liaisonsdassilah.com\/index.php?rest_route=\/wp\/v2\/users\/1"}],"replies":[{"embeddable":true,"href":"https:\/\/liaisonsdassilah.com\/index.php?rest_route=%2Fwp%2Fv2%2Fcomments&post=37"}],"version-history":[{"count":75,"href":"https:\/\/liaisonsdassilah.com\/index.php?rest_route=\/wp\/v2\/pages\/37\/revisions"}],"predecessor-version":[{"id":523,"href":"https:\/\/liaisonsdassilah.com\/index.php?rest_route=\/wp\/v2\/pages\/37\/revisions\/523"}],"wp:attachment":[{"href":"https:\/\/liaisonsdassilah.com\/index.php?rest_route=%2Fwp%2Fv2%2Fmedia&parent=37"}],"curies":[{"name":"wp","href":"https:\/\/api.w.org\/{rel}","templated":true}]}}