{"id":163,"date":"2025-08-04T22:45:18","date_gmt":"2025-08-04T22:45:18","guid":{"rendered":"https:\/\/liaisonsdassilah.com\/?page_id=163"},"modified":"2025-08-06T16:42:48","modified_gmt":"2025-08-06T16:42:48","slug":"5-espace-socioculturel","status":"publish","type":"page","link":"https:\/\/liaisonsdassilah.com\/?page_id=163","title":{"rendered":"5. Espace socioculturel"},"content":{"rendered":"\n<p class=\"has-text-align-right\"><strong>\u0645\u0644\u064a \u0643\u064a\u0644\u0642\u0627 \u0627\u0644\u063a\u0631\u0628 \u0627\u0644\u0634\u0631\u0642<\/strong><\/p>\n\n\n\n<p>Un lieu de cr\u00e9ation et de rencontre :<\/p>\n\n\n\n<p>Ateliers th\u00e9\u00e2tre, lectures publiques, soir\u00e9es culturelles<\/p>\n\n\n\n<p>Partenariats avec artistes locaux et internationaux<\/p>\n\n\n\n<p>Animation du tissu social \u00e0 travers l\u2019art et la parole<\/p>\n\n\n\n<p class=\"has-text-align-right\">\u0648\u0631\u0634\u0627\u062a \u0627\u0644\u0645\u0633\u0631\u062d\u060c \u0642\u0631\u0627\u0621\u0627\u062a \u0639\u0645\u0648\u0645\u064a\u0629\u060c \u0623\u0645\u0633\u064a\u0627\u062a \u062b\u0642\u0627\u0641\u064a\u0629<\/p>\n\n\n\n<p class=\"has-text-align-right\">\u0634\u0631\u0627\u0643\u0627\u062a \u0645\u0639 \u0641\u0646\u0627\u0646\u064a\u0646 \u0645\u062d\u0644\u064a\u064a\u0646 \u0648\u062f\u0648\u0644\u064a\u064a\u0646<\/p>\n\n\n\n<p class=\"has-text-align-right\">\u062a\u0646\u0634\u064a\u0637 \u0627\u0644\u0646\u0633\u064a\u062c \u0627\u0644\u0627\u062c\u062a\u0645\u0627\u0639\u064a \u0628\u0627\u0644\u0641\u0646 \u0648\u0627\u0644\u0643\u0644\u0645\u0629<\/p>\n\n\n<div class=\"wp-block-image\">\n<figure class=\"alignleft size-large is-resized\"><img loading=\"lazy\" decoding=\"async\" width=\"1024\" height=\"710\" src=\"https:\/\/liaisonsdassilah.com\/wp-content\/uploads\/2025\/08\/IMG_0823-2-1024x710.jpeg\" alt=\"\" class=\"wp-image-365\" style=\"width:483px;height:auto\" srcset=\"https:\/\/liaisonsdassilah.com\/wp-content\/uploads\/2025\/08\/IMG_0823-2-1024x710.jpeg 1024w, https:\/\/liaisonsdassilah.com\/wp-content\/uploads\/2025\/08\/IMG_0823-2-300x208.jpeg 300w, https:\/\/liaisonsdassilah.com\/wp-content\/uploads\/2025\/08\/IMG_0823-2-768x533.jpeg 768w, https:\/\/liaisonsdassilah.com\/wp-content\/uploads\/2025\/08\/IMG_0823-2-1536x1066.jpeg 1536w, https:\/\/liaisonsdassilah.com\/wp-content\/uploads\/2025\/08\/IMG_0823-2-2048x1421.jpeg 2048w, https:\/\/liaisonsdassilah.com\/wp-content\/uploads\/2025\/08\/IMG_0823-2-150x104.jpeg 150w, https:\/\/liaisonsdassilah.com\/wp-content\/uploads\/2025\/08\/IMG_0823-2-216x150.jpeg 216w\" sizes=\"auto, (max-width: 1024px) 100vw, 1024px\" \/><\/figure><\/div>\n\n<div class=\"wp-block-image\">\n<figure class=\"alignright size-large is-resized\"><img loading=\"lazy\" decoding=\"async\" width=\"838\" height=\"1024\" src=\"https:\/\/liaisonsdassilah.com\/wp-content\/uploads\/2025\/08\/IMG_0829-1-838x1024.jpeg\" alt=\"\" class=\"wp-image-367\" style=\"width:319px;height:auto\" srcset=\"https:\/\/liaisonsdassilah.com\/wp-content\/uploads\/2025\/08\/IMG_0829-1-838x1024.jpeg 838w, https:\/\/liaisonsdassilah.com\/wp-content\/uploads\/2025\/08\/IMG_0829-1-246x300.jpeg 246w, https:\/\/liaisonsdassilah.com\/wp-content\/uploads\/2025\/08\/IMG_0829-1-768x938.jpeg 768w, https:\/\/liaisonsdassilah.com\/wp-content\/uploads\/2025\/08\/IMG_0829-1-1258x1536.jpeg 1258w, https:\/\/liaisonsdassilah.com\/wp-content\/uploads\/2025\/08\/IMG_0829-1-123x150.jpeg 123w, https:\/\/liaisonsdassilah.com\/wp-content\/uploads\/2025\/08\/IMG_0829-1.jpeg 1279w\" sizes=\"auto, (max-width: 838px) 100vw, 838px\" \/><\/figure><\/div>\n\n<div class=\"wp-block-image\">\n<figure class=\"alignleft size-large is-resized\"><img loading=\"lazy\" decoding=\"async\" width=\"1024\" height=\"753\" src=\"https:\/\/liaisonsdassilah.com\/wp-content\/uploads\/2025\/08\/IMG_0666-4-1024x753.jpeg\" alt=\"\" class=\"wp-image-371\" style=\"width:482px;height:auto\" srcset=\"https:\/\/liaisonsdassilah.com\/wp-content\/uploads\/2025\/08\/IMG_0666-4-1024x753.jpeg 1024w, https:\/\/liaisonsdassilah.com\/wp-content\/uploads\/2025\/08\/IMG_0666-4-300x221.jpeg 300w, https:\/\/liaisonsdassilah.com\/wp-content\/uploads\/2025\/08\/IMG_0666-4-768x565.jpeg 768w, https:\/\/liaisonsdassilah.com\/wp-content\/uploads\/2025\/08\/IMG_0666-4-1536x1130.jpeg 1536w, https:\/\/liaisonsdassilah.com\/wp-content\/uploads\/2025\/08\/IMG_0666-4-2048x1506.jpeg 2048w, https:\/\/liaisonsdassilah.com\/wp-content\/uploads\/2025\/08\/IMG_0666-4-150x110.jpeg 150w, https:\/\/liaisonsdassilah.com\/wp-content\/uploads\/2025\/08\/IMG_0666-4-204x150.jpeg 204w\" sizes=\"auto, (max-width: 1024px) 100vw, 1024px\" \/><\/figure><\/div>","protected":false},"excerpt":{"rendered":"<p>\u0645\u0644\u064a <a class=\"continue-reading-link\" href=\"https:\/\/liaisonsdassilah.com\/?page_id=163\"> <span class=\"meta-nav\">&rarr; <\/span><\/a><\/p>\n","protected":false},"author":1,"featured_media":0,"parent":0,"menu_order":0,"comment_status":"closed","ping_status":"closed","template":"","meta":{"footnotes":""},"class_list":["post-163","page","type-page","status-publish","hentry"],"yoast_head":"<!-- This site is optimized with the Yoast SEO plugin v25.6 - https:\/\/yoast.com\/wordpress\/plugins\/seo\/ -->\n<title>5. Espace socioculturel - LIAISONS D&#039;ASSILAH<\/title>\n<meta name=\"robots\" content=\"index, follow, max-snippet:-1, max-image-preview:large, max-video-preview:-1\" \/>\n<link rel=\"canonical\" href=\"https:\/\/liaisonsdassilah.com\/?page_id=163\" \/>\n<meta property=\"og:locale\" content=\"fr_FR\" \/>\n<meta property=\"og:type\" content=\"article\" \/>\n<meta property=\"og:title\" content=\"5. Espace socioculturel - LIAISONS D&#039;ASSILAH\" \/>\n<meta property=\"og:description\" content=\"\u0645\u0644\u064a &rarr;\" \/>\n<meta property=\"og:url\" content=\"https:\/\/liaisonsdassilah.com\/?page_id=163\" \/>\n<meta property=\"og:site_name\" content=\"LIAISONS D&#039;ASSILAH\" \/>\n<meta property=\"article:modified_time\" content=\"2025-08-06T16:42:48+00:00\" \/>\n<meta property=\"og:image\" content=\"https:\/\/liaisonsdassilah.com\/wp-content\/uploads\/2025\/08\/IMG_0823-2.jpeg\" \/>\n\t<meta property=\"og:image:width\" content=\"2185\" \/>\n\t<meta property=\"og:image:height\" content=\"1516\" \/>\n\t<meta property=\"og:image:type\" content=\"image\/jpeg\" \/>\n<meta name=\"twitter:card\" content=\"summary_large_image\" \/>\n<meta name=\"twitter:label1\" content=\"Dur\u00e9e de lecture est.\" \/>\n\t<meta name=\"twitter:data1\" content=\"1 minute\" \/>\n<script type=\"application\/ld+json\" class=\"yoast-schema-graph\">{\"@context\":\"https:\/\/schema.org\",\"@graph\":[{\"@type\":\"WebPage\",\"@id\":\"https:\/\/liaisonsdassilah.com\/?page_id=163\",\"url\":\"https:\/\/liaisonsdassilah.com\/?page_id=163\",\"name\":\"5. Espace socioculturel - LIAISONS D&#039;ASSILAH\",\"isPartOf\":{\"@id\":\"https:\/\/liaisonsdassilah.com\/#website\"},\"primaryImageOfPage\":{\"@id\":\"https:\/\/liaisonsdassilah.com\/?page_id=163#primaryimage\"},\"image\":{\"@id\":\"https:\/\/liaisonsdassilah.com\/?page_id=163#primaryimage\"},\"thumbnailUrl\":\"https:\/\/liaisonsdassilah.com\/wp-content\/uploads\/2025\/08\/IMG_0823-2-1024x710.jpeg\",\"datePublished\":\"2025-08-04T22:45:18+00:00\",\"dateModified\":\"2025-08-06T16:42:48+00:00\",\"breadcrumb\":{\"@id\":\"https:\/\/liaisonsdassilah.com\/?page_id=163#breadcrumb\"},\"inLanguage\":\"fr-BE\",\"potentialAction\":[{\"@type\":\"ReadAction\",\"target\":[\"https:\/\/liaisonsdassilah.com\/?page_id=163\"]}]},{\"@type\":\"ImageObject\",\"inLanguage\":\"fr-BE\",\"@id\":\"https:\/\/liaisonsdassilah.com\/?page_id=163#primaryimage\",\"url\":\"https:\/\/liaisonsdassilah.com\/wp-content\/uploads\/2025\/08\/IMG_0823-2.jpeg\",\"contentUrl\":\"https:\/\/liaisonsdassilah.com\/wp-content\/uploads\/2025\/08\/IMG_0823-2.jpeg\",\"width\":2185,\"height\":1516},{\"@type\":\"BreadcrumbList\",\"@id\":\"https:\/\/liaisonsdassilah.com\/?page_id=163#breadcrumb\",\"itemListElement\":[{\"@type\":\"ListItem\",\"position\":1,\"name\":\"Accueil\",\"item\":\"https:\/\/liaisonsdassilah.com\/\"},{\"@type\":\"ListItem\",\"position\":2,\"name\":\"5. Espace socioculturel\"}]},{\"@type\":\"WebSite\",\"@id\":\"https:\/\/liaisonsdassilah.com\/#website\",\"url\":\"https:\/\/liaisonsdassilah.com\/\",\"name\":\"LIAISONS D'ASSILAH\",\"description\":\"Entre deux rives, on fait le pont.\",\"publisher\":{\"@id\":\"https:\/\/liaisonsdassilah.com\/#organization\"},\"potentialAction\":[{\"@type\":\"SearchAction\",\"target\":{\"@type\":\"EntryPoint\",\"urlTemplate\":\"https:\/\/liaisonsdassilah.com\/?s={search_term_string}\"},\"query-input\":{\"@type\":\"PropertyValueSpecification\",\"valueRequired\":true,\"valueName\":\"search_term_string\"}}],\"inLanguage\":\"fr-BE\"},{\"@type\":\"Organization\",\"@id\":\"https:\/\/liaisonsdassilah.com\/#organization\",\"name\":\"LIAISONS D'ASSILAH\",\"url\":\"https:\/\/liaisonsdassilah.com\/\",\"logo\":{\"@type\":\"ImageObject\",\"inLanguage\":\"fr-BE\",\"@id\":\"https:\/\/liaisonsdassilah.com\/#\/schema\/logo\/image\/\",\"url\":\"https:\/\/liaisonsdassilah.com\/wp-content\/uploads\/2025\/08\/SAVE_20250802_242504-1.jpg\",\"contentUrl\":\"https:\/\/liaisonsdassilah.com\/wp-content\/uploads\/2025\/08\/SAVE_20250802_242504-1.jpg\",\"width\":1280,\"height\":906,\"caption\":\"LIAISONS D'ASSILAH\"},\"image\":{\"@id\":\"https:\/\/liaisonsdassilah.com\/#\/schema\/logo\/image\/\"}}]}<\/script>\n<!-- \/ Yoast SEO plugin. -->","yoast_head_json":{"title":"5. Espace socioculturel - LIAISONS D&#039;ASSILAH","robots":{"index":"index","follow":"follow","max-snippet":"max-snippet:-1","max-image-preview":"max-image-preview:large","max-video-preview":"max-video-preview:-1"},"canonical":"https:\/\/liaisonsdassilah.com\/?page_id=163","og_locale":"fr_FR","og_type":"article","og_title":"5. Espace socioculturel - LIAISONS D&#039;ASSILAH","og_description":"\u0645\u0644\u064a &rarr;","og_url":"https:\/\/liaisonsdassilah.com\/?page_id=163","og_site_name":"LIAISONS D&#039;ASSILAH","article_modified_time":"2025-08-06T16:42:48+00:00","og_image":[{"width":2185,"height":1516,"url":"https:\/\/liaisonsdassilah.com\/wp-content\/uploads\/2025\/08\/IMG_0823-2.jpeg","type":"image\/jpeg"}],"twitter_card":"summary_large_image","twitter_misc":{"Dur\u00e9e de lecture est.":"1 minute"},"schema":{"@context":"https:\/\/schema.org","@graph":[{"@type":"WebPage","@id":"https:\/\/liaisonsdassilah.com\/?page_id=163","url":"https:\/\/liaisonsdassilah.com\/?page_id=163","name":"5. Espace socioculturel - LIAISONS D&#039;ASSILAH","isPartOf":{"@id":"https:\/\/liaisonsdassilah.com\/#website"},"primaryImageOfPage":{"@id":"https:\/\/liaisonsdassilah.com\/?page_id=163#primaryimage"},"image":{"@id":"https:\/\/liaisonsdassilah.com\/?page_id=163#primaryimage"},"thumbnailUrl":"https:\/\/liaisonsdassilah.com\/wp-content\/uploads\/2025\/08\/IMG_0823-2-1024x710.jpeg","datePublished":"2025-08-04T22:45:18+00:00","dateModified":"2025-08-06T16:42:48+00:00","breadcrumb":{"@id":"https:\/\/liaisonsdassilah.com\/?page_id=163#breadcrumb"},"inLanguage":"fr-BE","potentialAction":[{"@type":"ReadAction","target":["https:\/\/liaisonsdassilah.com\/?page_id=163"]}]},{"@type":"ImageObject","inLanguage":"fr-BE","@id":"https:\/\/liaisonsdassilah.com\/?page_id=163#primaryimage","url":"https:\/\/liaisonsdassilah.com\/wp-content\/uploads\/2025\/08\/IMG_0823-2.jpeg","contentUrl":"https:\/\/liaisonsdassilah.com\/wp-content\/uploads\/2025\/08\/IMG_0823-2.jpeg","width":2185,"height":1516},{"@type":"BreadcrumbList","@id":"https:\/\/liaisonsdassilah.com\/?page_id=163#breadcrumb","itemListElement":[{"@type":"ListItem","position":1,"name":"Accueil","item":"https:\/\/liaisonsdassilah.com\/"},{"@type":"ListItem","position":2,"name":"5. Espace socioculturel"}]},{"@type":"WebSite","@id":"https:\/\/liaisonsdassilah.com\/#website","url":"https:\/\/liaisonsdassilah.com\/","name":"LIAISONS D'ASSILAH","description":"Entre deux rives, on fait le pont.","publisher":{"@id":"https:\/\/liaisonsdassilah.com\/#organization"},"potentialAction":[{"@type":"SearchAction","target":{"@type":"EntryPoint","urlTemplate":"https:\/\/liaisonsdassilah.com\/?s={search_term_string}"},"query-input":{"@type":"PropertyValueSpecification","valueRequired":true,"valueName":"search_term_string"}}],"inLanguage":"fr-BE"},{"@type":"Organization","@id":"https:\/\/liaisonsdassilah.com\/#organization","name":"LIAISONS D'ASSILAH","url":"https:\/\/liaisonsdassilah.com\/","logo":{"@type":"ImageObject","inLanguage":"fr-BE","@id":"https:\/\/liaisonsdassilah.com\/#\/schema\/logo\/image\/","url":"https:\/\/liaisonsdassilah.com\/wp-content\/uploads\/2025\/08\/SAVE_20250802_242504-1.jpg","contentUrl":"https:\/\/liaisonsdassilah.com\/wp-content\/uploads\/2025\/08\/SAVE_20250802_242504-1.jpg","width":1280,"height":906,"caption":"LIAISONS D'ASSILAH"},"image":{"@id":"https:\/\/liaisonsdassilah.com\/#\/schema\/logo\/image\/"}}]}},"_links":{"self":[{"href":"https:\/\/liaisonsdassilah.com\/index.php?rest_route=\/wp\/v2\/pages\/163","targetHints":{"allow":["GET"]}}],"collection":[{"href":"https:\/\/liaisonsdassilah.com\/index.php?rest_route=\/wp\/v2\/pages"}],"about":[{"href":"https:\/\/liaisonsdassilah.com\/index.php?rest_route=\/wp\/v2\/types\/page"}],"author":[{"embeddable":true,"href":"https:\/\/liaisonsdassilah.com\/index.php?rest_route=\/wp\/v2\/users\/1"}],"replies":[{"embeddable":true,"href":"https:\/\/liaisonsdassilah.com\/index.php?rest_route=%2Fwp%2Fv2%2Fcomments&post=163"}],"version-history":[{"count":8,"href":"https:\/\/liaisonsdassilah.com\/index.php?rest_route=\/wp\/v2\/pages\/163\/revisions"}],"predecessor-version":[{"id":372,"href":"https:\/\/liaisonsdassilah.com\/index.php?rest_route=\/wp\/v2\/pages\/163\/revisions\/372"}],"wp:attachment":[{"href":"https:\/\/liaisonsdassilah.com\/index.php?rest_route=%2Fwp%2Fv2%2Fmedia&parent=163"}],"curies":[{"name":"wp","href":"https:\/\/api.w.org\/{rel}","templated":true}]}}