{"id":155,"date":"2025-08-04T22:41:20","date_gmt":"2025-08-04T22:41:20","guid":{"rendered":"https:\/\/liaisonsdassilah.com\/?page_id=155"},"modified":"2025-08-06T16:52:47","modified_gmt":"2025-08-06T16:52:47","slug":"3-assistance-citoyenne","status":"publish","type":"page","link":"https:\/\/liaisonsdassilah.com\/?page_id=155","title":{"rendered":"3. Assistance citoyenne"},"content":{"rendered":"\n<p>Une interface de confiance avec les institutions locales :<\/p>\n\n\n\n<p>Accompagnement dans les d\u00e9marches civiles (sant\u00e9, \u00e9cole, permis, etc.)<\/p>\n\n\n\n<p>Orientation vers les bons interlocuteurs<\/p>\n\n\n\n<p>Soutien administratif sur place<\/p>\n\n\n\n<p class=\"has-text-align-right\">\u2022\u202f\u0627\u0644\u0645\u0648\u0627\u0643\u0628\u0629 \u0641\u0627\u0644\u0625\u062c\u0631\u0627\u0621\u0627\u062a \u0627\u0644\u0645\u062f\u0646\u064a\u0629 (\u0627\u0644\u0635\u062d\u0629\u060c \u0627\u0644\u0645\u062f\u0631\u0633\u0629\u060c \u0627\u0644\u0628\u0631\u0645\u064a\u060c \u0625\u0644\u062e)<\/p>\n\n\n\n<p class=\"has-text-align-right\">\u2022\u202f\u0627\u0644\u062a\u0648\u062c\u064a\u0647 \u0646\u062d\u0648 \u0627\u0644\u0646\u0627\u0633 \u0627\u0644\u0644\u064a \u064a\u0642\u062f\u0631\u0648 \u064a\u0639\u0627\u0648\u0646\u0648\u0643<\/p>\n\n\n\n<p class=\"has-text-align-right\">\u2022\u202f\u0627\u0644\u062f\u0639\u0645 \u0627\u0644\u0625\u062f\u0627\u0631\u064a \u0641\u0628\u0644\u0627\u0635\u062a\u0648<\/p>\n\n\n<div class=\"wp-block-image\">\n<figure class=\"aligncenter size-large is-resized\"><img loading=\"lazy\" decoding=\"async\" width=\"1024\" height=\"676\" src=\"https:\/\/liaisonsdassilah.com\/wp-content\/uploads\/2025\/08\/IMG_0827-1024x676.jpeg\" alt=\"\" class=\"wp-image-297\" style=\"width:648px;height:auto\" srcset=\"https:\/\/liaisonsdassilah.com\/wp-content\/uploads\/2025\/08\/IMG_0827-1024x676.jpeg 1024w, https:\/\/liaisonsdassilah.com\/wp-content\/uploads\/2025\/08\/IMG_0827-300x198.jpeg 300w, https:\/\/liaisonsdassilah.com\/wp-content\/uploads\/2025\/08\/IMG_0827-768x507.jpeg 768w, https:\/\/liaisonsdassilah.com\/wp-content\/uploads\/2025\/08\/IMG_0827-150x99.jpeg 150w, https:\/\/liaisonsdassilah.com\/wp-content\/uploads\/2025\/08\/IMG_0827-227x150.jpeg 227w, https:\/\/liaisonsdassilah.com\/wp-content\/uploads\/2025\/08\/IMG_0827.jpeg 1196w\" sizes=\"auto, (max-width: 1024px) 100vw, 1024px\" \/><\/figure><\/div>\n\n\n<p><\/p>\n\n\n<div class=\"wp-block-image\">\n<figure class=\"aligncenter size-large is-resized\"><img loading=\"lazy\" decoding=\"async\" width=\"1024\" height=\"868\" src=\"https:\/\/liaisonsdassilah.com\/wp-content\/uploads\/2025\/08\/IMG_0833-2-1024x868.jpeg\" alt=\"\" class=\"wp-image-359\" style=\"width:494px;height:auto\" srcset=\"https:\/\/liaisonsdassilah.com\/wp-content\/uploads\/2025\/08\/IMG_0833-2-1024x868.jpeg 1024w, https:\/\/liaisonsdassilah.com\/wp-content\/uploads\/2025\/08\/IMG_0833-2-300x254.jpeg 300w, https:\/\/liaisonsdassilah.com\/wp-content\/uploads\/2025\/08\/IMG_0833-2-768x651.jpeg 768w, https:\/\/liaisonsdassilah.com\/wp-content\/uploads\/2025\/08\/IMG_0833-2-1536x1302.jpeg 1536w, https:\/\/liaisonsdassilah.com\/wp-content\/uploads\/2025\/08\/IMG_0833-2-2048x1735.jpeg 2048w, https:\/\/liaisonsdassilah.com\/wp-content\/uploads\/2025\/08\/IMG_0833-2-150x127.jpeg 150w, https:\/\/liaisonsdassilah.com\/wp-content\/uploads\/2025\/08\/IMG_0833-2-177x150.jpeg 177w\" sizes=\"auto, (max-width: 1024px) 100vw, 1024px\" \/><\/figure><\/div>","protected":false},"excerpt":{"rendered":"<p>Une <a class=\"continue-reading-link\" href=\"https:\/\/liaisonsdassilah.com\/?page_id=155\"> <span class=\"meta-nav\">&rarr; <\/span><\/a><\/p>\n","protected":false},"author":1,"featured_media":0,"parent":0,"menu_order":0,"comment_status":"closed","ping_status":"closed","template":"","meta":{"footnotes":""},"class_list":["post-155","page","type-page","status-publish","hentry"],"yoast_head":"<!-- This site is optimized with the Yoast SEO plugin v25.6 - https:\/\/yoast.com\/wordpress\/plugins\/seo\/ -->\n<title>3. Assistance citoyenne - LIAISONS D&#039;ASSILAH<\/title>\n<meta name=\"robots\" content=\"index, follow, max-snippet:-1, max-image-preview:large, max-video-preview:-1\" \/>\n<link rel=\"canonical\" href=\"https:\/\/liaisonsdassilah.com\/?page_id=155\" \/>\n<meta property=\"og:locale\" content=\"fr_FR\" \/>\n<meta property=\"og:type\" content=\"article\" \/>\n<meta property=\"og:title\" content=\"3. Assistance citoyenne - LIAISONS D&#039;ASSILAH\" \/>\n<meta property=\"og:description\" content=\"Une &rarr;\" \/>\n<meta property=\"og:url\" content=\"https:\/\/liaisonsdassilah.com\/?page_id=155\" \/>\n<meta property=\"og:site_name\" content=\"LIAISONS D&#039;ASSILAH\" \/>\n<meta property=\"article:modified_time\" content=\"2025-08-06T16:52:47+00:00\" \/>\n<meta property=\"og:image\" content=\"https:\/\/liaisonsdassilah.com\/wp-content\/uploads\/2025\/08\/IMG_0827.jpeg\" \/>\n\t<meta property=\"og:image:width\" content=\"1196\" \/>\n\t<meta property=\"og:image:height\" content=\"789\" \/>\n\t<meta property=\"og:image:type\" content=\"image\/jpeg\" \/>\n<meta name=\"twitter:card\" content=\"summary_large_image\" \/>\n<meta name=\"twitter:label1\" content=\"Dur\u00e9e de lecture est.\" \/>\n\t<meta name=\"twitter:data1\" content=\"1 minute\" \/>\n<script type=\"application\/ld+json\" class=\"yoast-schema-graph\">{\"@context\":\"https:\/\/schema.org\",\"@graph\":[{\"@type\":\"WebPage\",\"@id\":\"https:\/\/liaisonsdassilah.com\/?page_id=155\",\"url\":\"https:\/\/liaisonsdassilah.com\/?page_id=155\",\"name\":\"3. Assistance citoyenne - LIAISONS D&#039;ASSILAH\",\"isPartOf\":{\"@id\":\"https:\/\/liaisonsdassilah.com\/#website\"},\"primaryImageOfPage\":{\"@id\":\"https:\/\/liaisonsdassilah.com\/?page_id=155#primaryimage\"},\"image\":{\"@id\":\"https:\/\/liaisonsdassilah.com\/?page_id=155#primaryimage\"},\"thumbnailUrl\":\"https:\/\/liaisonsdassilah.com\/wp-content\/uploads\/2025\/08\/IMG_0827-1024x676.jpeg\",\"datePublished\":\"2025-08-04T22:41:20+00:00\",\"dateModified\":\"2025-08-06T16:52:47+00:00\",\"breadcrumb\":{\"@id\":\"https:\/\/liaisonsdassilah.com\/?page_id=155#breadcrumb\"},\"inLanguage\":\"fr-BE\",\"potentialAction\":[{\"@type\":\"ReadAction\",\"target\":[\"https:\/\/liaisonsdassilah.com\/?page_id=155\"]}]},{\"@type\":\"ImageObject\",\"inLanguage\":\"fr-BE\",\"@id\":\"https:\/\/liaisonsdassilah.com\/?page_id=155#primaryimage\",\"url\":\"https:\/\/liaisonsdassilah.com\/wp-content\/uploads\/2025\/08\/IMG_0827.jpeg\",\"contentUrl\":\"https:\/\/liaisonsdassilah.com\/wp-content\/uploads\/2025\/08\/IMG_0827.jpeg\",\"width\":1196,\"height\":789},{\"@type\":\"BreadcrumbList\",\"@id\":\"https:\/\/liaisonsdassilah.com\/?page_id=155#breadcrumb\",\"itemListElement\":[{\"@type\":\"ListItem\",\"position\":1,\"name\":\"Accueil\",\"item\":\"https:\/\/liaisonsdassilah.com\/\"},{\"@type\":\"ListItem\",\"position\":2,\"name\":\"3. Assistance citoyenne\"}]},{\"@type\":\"WebSite\",\"@id\":\"https:\/\/liaisonsdassilah.com\/#website\",\"url\":\"https:\/\/liaisonsdassilah.com\/\",\"name\":\"LIAISONS D'ASSILAH\",\"description\":\"Entre deux rives, on fait le pont.\",\"publisher\":{\"@id\":\"https:\/\/liaisonsdassilah.com\/#organization\"},\"potentialAction\":[{\"@type\":\"SearchAction\",\"target\":{\"@type\":\"EntryPoint\",\"urlTemplate\":\"https:\/\/liaisonsdassilah.com\/?s={search_term_string}\"},\"query-input\":{\"@type\":\"PropertyValueSpecification\",\"valueRequired\":true,\"valueName\":\"search_term_string\"}}],\"inLanguage\":\"fr-BE\"},{\"@type\":\"Organization\",\"@id\":\"https:\/\/liaisonsdassilah.com\/#organization\",\"name\":\"LIAISONS D'ASSILAH\",\"url\":\"https:\/\/liaisonsdassilah.com\/\",\"logo\":{\"@type\":\"ImageObject\",\"inLanguage\":\"fr-BE\",\"@id\":\"https:\/\/liaisonsdassilah.com\/#\/schema\/logo\/image\/\",\"url\":\"https:\/\/liaisonsdassilah.com\/wp-content\/uploads\/2025\/08\/SAVE_20250802_242504-1.jpg\",\"contentUrl\":\"https:\/\/liaisonsdassilah.com\/wp-content\/uploads\/2025\/08\/SAVE_20250802_242504-1.jpg\",\"width\":1280,\"height\":906,\"caption\":\"LIAISONS D'ASSILAH\"},\"image\":{\"@id\":\"https:\/\/liaisonsdassilah.com\/#\/schema\/logo\/image\/\"}}]}<\/script>\n<!-- \/ Yoast SEO plugin. -->","yoast_head_json":{"title":"3. Assistance citoyenne - LIAISONS D&#039;ASSILAH","robots":{"index":"index","follow":"follow","max-snippet":"max-snippet:-1","max-image-preview":"max-image-preview:large","max-video-preview":"max-video-preview:-1"},"canonical":"https:\/\/liaisonsdassilah.com\/?page_id=155","og_locale":"fr_FR","og_type":"article","og_title":"3. Assistance citoyenne - LIAISONS D&#039;ASSILAH","og_description":"Une &rarr;","og_url":"https:\/\/liaisonsdassilah.com\/?page_id=155","og_site_name":"LIAISONS D&#039;ASSILAH","article_modified_time":"2025-08-06T16:52:47+00:00","og_image":[{"width":1196,"height":789,"url":"https:\/\/liaisonsdassilah.com\/wp-content\/uploads\/2025\/08\/IMG_0827.jpeg","type":"image\/jpeg"}],"twitter_card":"summary_large_image","twitter_misc":{"Dur\u00e9e de lecture est.":"1 minute"},"schema":{"@context":"https:\/\/schema.org","@graph":[{"@type":"WebPage","@id":"https:\/\/liaisonsdassilah.com\/?page_id=155","url":"https:\/\/liaisonsdassilah.com\/?page_id=155","name":"3. Assistance citoyenne - LIAISONS D&#039;ASSILAH","isPartOf":{"@id":"https:\/\/liaisonsdassilah.com\/#website"},"primaryImageOfPage":{"@id":"https:\/\/liaisonsdassilah.com\/?page_id=155#primaryimage"},"image":{"@id":"https:\/\/liaisonsdassilah.com\/?page_id=155#primaryimage"},"thumbnailUrl":"https:\/\/liaisonsdassilah.com\/wp-content\/uploads\/2025\/08\/IMG_0827-1024x676.jpeg","datePublished":"2025-08-04T22:41:20+00:00","dateModified":"2025-08-06T16:52:47+00:00","breadcrumb":{"@id":"https:\/\/liaisonsdassilah.com\/?page_id=155#breadcrumb"},"inLanguage":"fr-BE","potentialAction":[{"@type":"ReadAction","target":["https:\/\/liaisonsdassilah.com\/?page_id=155"]}]},{"@type":"ImageObject","inLanguage":"fr-BE","@id":"https:\/\/liaisonsdassilah.com\/?page_id=155#primaryimage","url":"https:\/\/liaisonsdassilah.com\/wp-content\/uploads\/2025\/08\/IMG_0827.jpeg","contentUrl":"https:\/\/liaisonsdassilah.com\/wp-content\/uploads\/2025\/08\/IMG_0827.jpeg","width":1196,"height":789},{"@type":"BreadcrumbList","@id":"https:\/\/liaisonsdassilah.com\/?page_id=155#breadcrumb","itemListElement":[{"@type":"ListItem","position":1,"name":"Accueil","item":"https:\/\/liaisonsdassilah.com\/"},{"@type":"ListItem","position":2,"name":"3. Assistance citoyenne"}]},{"@type":"WebSite","@id":"https:\/\/liaisonsdassilah.com\/#website","url":"https:\/\/liaisonsdassilah.com\/","name":"LIAISONS D'ASSILAH","description":"Entre deux rives, on fait le pont.","publisher":{"@id":"https:\/\/liaisonsdassilah.com\/#organization"},"potentialAction":[{"@type":"SearchAction","target":{"@type":"EntryPoint","urlTemplate":"https:\/\/liaisonsdassilah.com\/?s={search_term_string}"},"query-input":{"@type":"PropertyValueSpecification","valueRequired":true,"valueName":"search_term_string"}}],"inLanguage":"fr-BE"},{"@type":"Organization","@id":"https:\/\/liaisonsdassilah.com\/#organization","name":"LIAISONS D'ASSILAH","url":"https:\/\/liaisonsdassilah.com\/","logo":{"@type":"ImageObject","inLanguage":"fr-BE","@id":"https:\/\/liaisonsdassilah.com\/#\/schema\/logo\/image\/","url":"https:\/\/liaisonsdassilah.com\/wp-content\/uploads\/2025\/08\/SAVE_20250802_242504-1.jpg","contentUrl":"https:\/\/liaisonsdassilah.com\/wp-content\/uploads\/2025\/08\/SAVE_20250802_242504-1.jpg","width":1280,"height":906,"caption":"LIAISONS D'ASSILAH"},"image":{"@id":"https:\/\/liaisonsdassilah.com\/#\/schema\/logo\/image\/"}}]}},"_links":{"self":[{"href":"https:\/\/liaisonsdassilah.com\/index.php?rest_route=\/wp\/v2\/pages\/155","targetHints":{"allow":["GET"]}}],"collection":[{"href":"https:\/\/liaisonsdassilah.com\/index.php?rest_route=\/wp\/v2\/pages"}],"about":[{"href":"https:\/\/liaisonsdassilah.com\/index.php?rest_route=\/wp\/v2\/types\/page"}],"author":[{"embeddable":true,"href":"https:\/\/liaisonsdassilah.com\/index.php?rest_route=\/wp\/v2\/users\/1"}],"replies":[{"embeddable":true,"href":"https:\/\/liaisonsdassilah.com\/index.php?rest_route=%2Fwp%2Fv2%2Fcomments&post=155"}],"version-history":[{"count":6,"href":"https:\/\/liaisonsdassilah.com\/index.php?rest_route=\/wp\/v2\/pages\/155\/revisions"}],"predecessor-version":[{"id":379,"href":"https:\/\/liaisonsdassilah.com\/index.php?rest_route=\/wp\/v2\/pages\/155\/revisions\/379"}],"wp:attachment":[{"href":"https:\/\/liaisonsdassilah.com\/index.php?rest_route=%2Fwp%2Fv2%2Fmedia&parent=155"}],"curies":[{"name":"wp","href":"https:\/\/api.w.org\/{rel}","templated":true}]}}