{"id":144,"date":"2025-08-04T22:32:32","date_gmt":"2025-08-04T22:32:32","guid":{"rendered":"https:\/\/liaisonsdassilah.com\/?page_id=144"},"modified":"2025-08-06T13:25:53","modified_gmt":"2025-08-06T13:25:53","slug":"les-5-poles-liaisons-dassilah","status":"publish","type":"page","link":"https:\/\/liaisonsdassilah.com\/?page_id=144","title":{"rendered":"Les 5 p\u00f4les \u2013 Liaisons d\u2019Assilah"},"content":{"rendered":"\n<p class=\"has-text-align-right\"><strong>\u0645\u0644\u064a \u0643\u064a\u0644\u0642\u0627 \u0627\u0644\u063a\u0631\u0628 \u0627\u0644\u0634\u0631\u0642<\/strong><\/p>\n\n\n\n<ol class=\"wp-block-list\">\n<li><strong>Accompagnement des rapatri\u00e9s<\/strong><\/li>\n<\/ol>\n\n\n\n<p>Aide personnalis\u00e9e pour faciliter le retour au pays :<br>\u2022 Conseils administratifs et juridiques<br>\u2022 Mise en relation avec les services locaux<br>\u2022 Soutien dans les d\u00e9marches du quotidien<\/p>\n\n\n\n<ol start=\"2\" class=\"wp-block-list\">\n<li><strong>Gestion immobili\u00e8re<\/strong><\/li>\n<\/ol>\n\n\n\n<p>Un service fiable pour les propri\u00e9taires absents :<br>\u2022 Suivi et entretien des biens \u00e0 distance<br>\u2022 Coordination des travaux<br>\u2022 Transparence et rapports r\u00e9guliers<\/p>\n\n\n\n<ol start=\"3\" class=\"wp-block-list\">\n<li><strong>Assistance citoyenne<\/strong><\/li>\n<\/ol>\n\n\n\n<p>Une interface de confiance avec les institutions locales :<br>\u2022 Accompagnement dans les d\u00e9marches civiles (sant\u00e9, \u00e9cole, permis, etc.)<br>\u2022 Orientation vers les bons interlocuteurs<br>\u2022 Soutien administratif sur place<\/p>\n\n\n\n<p><strong>4.  M\u00e9dia local participatif<\/strong><\/p>\n\n\n\n<p>Un journal citoyen pour donner la parole aux habitants :<br>\u2022 Reportages, portraits, initiatives locales<br>\u2022 Ateliers d\u2019\u00e9criture, critique, photo, journalisme<br>\u2022 Dialogue entre g\u00e9n\u00e9rations<\/p>\n\n\n\n<ol start=\"5\" class=\"wp-block-list\">\n<li><strong>Espace socioculturel<\/strong><\/li>\n<\/ol>\n\n\n\n<p>Un lieu de cr\u00e9ation et de rencontre :<br>\u2022 Ateliers th\u00e9\u00e2tre, lectures publiques, soir\u00e9es culturelles<br>\u2022 Partenariats avec artistes locaux et internationaux<br>\u2022 Animation du tissu social \u00e0 travers l\u2019art et la parole<\/p>\n\n\n\n<p class=\"has-text-align-right\">\u0661. \u0627\u0644\u0645\u0648\u0627\u0643\u0628\u0629 \u062f\u064a\u0627\u0644 \u0627\u0644\u0646\u0627\u0633 \u0627\u0644\u0644\u064a \u0631\u0627\u062c\u0639\u064a\u0646 \u0644\u0628\u0644\u0627\u062f<\/p>\n\n\n\n<p class=\"has-text-align-right\">\u0662. \u0627\u0644\u062a\u0633\u064a\u064a\u0631 \u0627\u0644\u0639\u0642\u0627\u0631\u064a<\/p>\n\n\n\n<p class=\"has-text-align-right\">\u0663. \u0627\u0644\u0645\u0633\u0627\u0639\u062f\u0629 \u0627\u0644\u0645\u0648\u0627\u0637\u0650\u0646\u0629<\/p>\n\n\n\n<p class=\"has-text-align-right\">\u0664. \u0625\u0639\u0644\u0627\u0645 \u0645\u062d\u0644\u0651\u064a \u0628\u0645\u0634\u0627\u0631\u0643\u0629 \u0627\u0644\u0633\u0627\u0643\u0646\u0629<\/p>\n\n\n\n<p class=\"has-text-align-right\">\u0665. \u0641\u064e\u0636\u0627\u0621 \u062b\u0642\u0627\u0641\u064a \u0648\u0627\u062c\u062a\u0645\u0627\u0639\u064a<\/p>\n\n\n\n<p>\u2026..<\/p>\n\n\n\n<ul class=\"wp-block-list\">\n<li><\/li>\n<\/ul>\n\n\n<div class=\"wp-block-image\">\n<figure class=\"aligncenter size-large is-resized\"><img loading=\"lazy\" decoding=\"async\" width=\"576\" height=\"1024\" src=\"https:\/\/liaisonsdassilah.com\/wp-content\/uploads\/2025\/08\/IMG_0801-1-576x1024.jpeg\" alt=\"\" class=\"wp-image-260\" style=\"width:345px;height:auto\" srcset=\"https:\/\/liaisonsdassilah.com\/wp-content\/uploads\/2025\/08\/IMG_0801-1-576x1024.jpeg 576w, https:\/\/liaisonsdassilah.com\/wp-content\/uploads\/2025\/08\/IMG_0801-1-169x300.jpeg 169w, https:\/\/liaisonsdassilah.com\/wp-content\/uploads\/2025\/08\/IMG_0801-1-768x1365.jpeg 768w, https:\/\/liaisonsdassilah.com\/wp-content\/uploads\/2025\/08\/IMG_0801-1-864x1536.jpeg 864w, https:\/\/liaisonsdassilah.com\/wp-content\/uploads\/2025\/08\/IMG_0801-1-1152x2048.jpeg 1152w, https:\/\/liaisonsdassilah.com\/wp-content\/uploads\/2025\/08\/IMG_0801-1-84x150.jpeg 84w, https:\/\/liaisonsdassilah.com\/wp-content\/uploads\/2025\/08\/IMG_0801-1.jpeg 1170w\" sizes=\"auto, (max-width: 576px) 100vw, 576px\" \/><\/figure><\/div>","protected":false},"excerpt":{"rendered":"<p>\u0645\u0644\u064a <a class=\"continue-reading-link\" href=\"https:\/\/liaisonsdassilah.com\/?page_id=144\"> <span class=\"meta-nav\">&rarr; <\/span><\/a><\/p>\n","protected":false},"author":1,"featured_media":0,"parent":0,"menu_order":0,"comment_status":"closed","ping_status":"closed","template":"","meta":{"footnotes":""},"class_list":["post-144","page","type-page","status-publish","hentry"],"yoast_head":"<!-- This site is optimized with the Yoast SEO plugin v25.6 - https:\/\/yoast.com\/wordpress\/plugins\/seo\/ -->\n<title>Les 5 p\u00f4les \u2013 Liaisons d\u2019Assilah - LIAISONS D&#039;ASSILAH<\/title>\n<meta name=\"robots\" content=\"index, follow, max-snippet:-1, max-image-preview:large, max-video-preview:-1\" \/>\n<link rel=\"canonical\" href=\"https:\/\/liaisonsdassilah.com\/?page_id=144\" \/>\n<meta property=\"og:locale\" content=\"fr_FR\" \/>\n<meta property=\"og:type\" content=\"article\" \/>\n<meta property=\"og:title\" content=\"Les 5 p\u00f4les \u2013 Liaisons d\u2019Assilah - LIAISONS D&#039;ASSILAH\" \/>\n<meta property=\"og:description\" content=\"\u0645\u0644\u064a &rarr;\" \/>\n<meta property=\"og:url\" content=\"https:\/\/liaisonsdassilah.com\/?page_id=144\" \/>\n<meta property=\"og:site_name\" content=\"LIAISONS D&#039;ASSILAH\" \/>\n<meta property=\"article:modified_time\" content=\"2025-08-06T13:25:53+00:00\" \/>\n<meta property=\"og:image\" content=\"https:\/\/liaisonsdassilah.com\/wp-content\/uploads\/2025\/08\/IMG_0801-1.jpeg\" \/>\n\t<meta property=\"og:image:width\" content=\"1170\" \/>\n\t<meta property=\"og:image:height\" content=\"2080\" \/>\n\t<meta property=\"og:image:type\" content=\"image\/jpeg\" \/>\n<meta name=\"twitter:card\" content=\"summary_large_image\" \/>\n<meta name=\"twitter:label1\" content=\"Dur\u00e9e de lecture est.\" \/>\n\t<meta name=\"twitter:data1\" content=\"2 minutes\" \/>\n<script type=\"application\/ld+json\" class=\"yoast-schema-graph\">{\"@context\":\"https:\/\/schema.org\",\"@graph\":[{\"@type\":\"WebPage\",\"@id\":\"https:\/\/liaisonsdassilah.com\/?page_id=144\",\"url\":\"https:\/\/liaisonsdassilah.com\/?page_id=144\",\"name\":\"Les 5 p\u00f4les \u2013 Liaisons d\u2019Assilah - LIAISONS D&#039;ASSILAH\",\"isPartOf\":{\"@id\":\"https:\/\/liaisonsdassilah.com\/#website\"},\"primaryImageOfPage\":{\"@id\":\"https:\/\/liaisonsdassilah.com\/?page_id=144#primaryimage\"},\"image\":{\"@id\":\"https:\/\/liaisonsdassilah.com\/?page_id=144#primaryimage\"},\"thumbnailUrl\":\"https:\/\/liaisonsdassilah.com\/wp-content\/uploads\/2025\/08\/IMG_0801-1-576x1024.jpeg\",\"datePublished\":\"2025-08-04T22:32:32+00:00\",\"dateModified\":\"2025-08-06T13:25:53+00:00\",\"breadcrumb\":{\"@id\":\"https:\/\/liaisonsdassilah.com\/?page_id=144#breadcrumb\"},\"inLanguage\":\"fr-BE\",\"potentialAction\":[{\"@type\":\"ReadAction\",\"target\":[\"https:\/\/liaisonsdassilah.com\/?page_id=144\"]}]},{\"@type\":\"ImageObject\",\"inLanguage\":\"fr-BE\",\"@id\":\"https:\/\/liaisonsdassilah.com\/?page_id=144#primaryimage\",\"url\":\"https:\/\/liaisonsdassilah.com\/wp-content\/uploads\/2025\/08\/IMG_0801-1.jpeg\",\"contentUrl\":\"https:\/\/liaisonsdassilah.com\/wp-content\/uploads\/2025\/08\/IMG_0801-1.jpeg\",\"width\":1170,\"height\":2080},{\"@type\":\"BreadcrumbList\",\"@id\":\"https:\/\/liaisonsdassilah.com\/?page_id=144#breadcrumb\",\"itemListElement\":[{\"@type\":\"ListItem\",\"position\":1,\"name\":\"Accueil\",\"item\":\"https:\/\/liaisonsdassilah.com\/\"},{\"@type\":\"ListItem\",\"position\":2,\"name\":\"Les 5 p\u00f4les \u2013 Liaisons d\u2019Assilah\"}]},{\"@type\":\"WebSite\",\"@id\":\"https:\/\/liaisonsdassilah.com\/#website\",\"url\":\"https:\/\/liaisonsdassilah.com\/\",\"name\":\"LIAISONS D'ASSILAH\",\"description\":\"Entre deux rives, on fait le pont.\",\"publisher\":{\"@id\":\"https:\/\/liaisonsdassilah.com\/#organization\"},\"potentialAction\":[{\"@type\":\"SearchAction\",\"target\":{\"@type\":\"EntryPoint\",\"urlTemplate\":\"https:\/\/liaisonsdassilah.com\/?s={search_term_string}\"},\"query-input\":{\"@type\":\"PropertyValueSpecification\",\"valueRequired\":true,\"valueName\":\"search_term_string\"}}],\"inLanguage\":\"fr-BE\"},{\"@type\":\"Organization\",\"@id\":\"https:\/\/liaisonsdassilah.com\/#organization\",\"name\":\"LIAISONS D'ASSILAH\",\"url\":\"https:\/\/liaisonsdassilah.com\/\",\"logo\":{\"@type\":\"ImageObject\",\"inLanguage\":\"fr-BE\",\"@id\":\"https:\/\/liaisonsdassilah.com\/#\/schema\/logo\/image\/\",\"url\":\"https:\/\/liaisonsdassilah.com\/wp-content\/uploads\/2025\/08\/SAVE_20250802_242504-1.jpg\",\"contentUrl\":\"https:\/\/liaisonsdassilah.com\/wp-content\/uploads\/2025\/08\/SAVE_20250802_242504-1.jpg\",\"width\":1280,\"height\":906,\"caption\":\"LIAISONS D'ASSILAH\"},\"image\":{\"@id\":\"https:\/\/liaisonsdassilah.com\/#\/schema\/logo\/image\/\"}}]}<\/script>\n<!-- \/ Yoast SEO plugin. -->","yoast_head_json":{"title":"Les 5 p\u00f4les \u2013 Liaisons d\u2019Assilah - LIAISONS D&#039;ASSILAH","robots":{"index":"index","follow":"follow","max-snippet":"max-snippet:-1","max-image-preview":"max-image-preview:large","max-video-preview":"max-video-preview:-1"},"canonical":"https:\/\/liaisonsdassilah.com\/?page_id=144","og_locale":"fr_FR","og_type":"article","og_title":"Les 5 p\u00f4les \u2013 Liaisons d\u2019Assilah - LIAISONS D&#039;ASSILAH","og_description":"\u0645\u0644\u064a &rarr;","og_url":"https:\/\/liaisonsdassilah.com\/?page_id=144","og_site_name":"LIAISONS D&#039;ASSILAH","article_modified_time":"2025-08-06T13:25:53+00:00","og_image":[{"width":1170,"height":2080,"url":"https:\/\/liaisonsdassilah.com\/wp-content\/uploads\/2025\/08\/IMG_0801-1.jpeg","type":"image\/jpeg"}],"twitter_card":"summary_large_image","twitter_misc":{"Dur\u00e9e de lecture est.":"2 minutes"},"schema":{"@context":"https:\/\/schema.org","@graph":[{"@type":"WebPage","@id":"https:\/\/liaisonsdassilah.com\/?page_id=144","url":"https:\/\/liaisonsdassilah.com\/?page_id=144","name":"Les 5 p\u00f4les \u2013 Liaisons d\u2019Assilah - LIAISONS D&#039;ASSILAH","isPartOf":{"@id":"https:\/\/liaisonsdassilah.com\/#website"},"primaryImageOfPage":{"@id":"https:\/\/liaisonsdassilah.com\/?page_id=144#primaryimage"},"image":{"@id":"https:\/\/liaisonsdassilah.com\/?page_id=144#primaryimage"},"thumbnailUrl":"https:\/\/liaisonsdassilah.com\/wp-content\/uploads\/2025\/08\/IMG_0801-1-576x1024.jpeg","datePublished":"2025-08-04T22:32:32+00:00","dateModified":"2025-08-06T13:25:53+00:00","breadcrumb":{"@id":"https:\/\/liaisonsdassilah.com\/?page_id=144#breadcrumb"},"inLanguage":"fr-BE","potentialAction":[{"@type":"ReadAction","target":["https:\/\/liaisonsdassilah.com\/?page_id=144"]}]},{"@type":"ImageObject","inLanguage":"fr-BE","@id":"https:\/\/liaisonsdassilah.com\/?page_id=144#primaryimage","url":"https:\/\/liaisonsdassilah.com\/wp-content\/uploads\/2025\/08\/IMG_0801-1.jpeg","contentUrl":"https:\/\/liaisonsdassilah.com\/wp-content\/uploads\/2025\/08\/IMG_0801-1.jpeg","width":1170,"height":2080},{"@type":"BreadcrumbList","@id":"https:\/\/liaisonsdassilah.com\/?page_id=144#breadcrumb","itemListElement":[{"@type":"ListItem","position":1,"name":"Accueil","item":"https:\/\/liaisonsdassilah.com\/"},{"@type":"ListItem","position":2,"name":"Les 5 p\u00f4les \u2013 Liaisons d\u2019Assilah"}]},{"@type":"WebSite","@id":"https:\/\/liaisonsdassilah.com\/#website","url":"https:\/\/liaisonsdassilah.com\/","name":"LIAISONS D'ASSILAH","description":"Entre deux rives, on fait le pont.","publisher":{"@id":"https:\/\/liaisonsdassilah.com\/#organization"},"potentialAction":[{"@type":"SearchAction","target":{"@type":"EntryPoint","urlTemplate":"https:\/\/liaisonsdassilah.com\/?s={search_term_string}"},"query-input":{"@type":"PropertyValueSpecification","valueRequired":true,"valueName":"search_term_string"}}],"inLanguage":"fr-BE"},{"@type":"Organization","@id":"https:\/\/liaisonsdassilah.com\/#organization","name":"LIAISONS D'ASSILAH","url":"https:\/\/liaisonsdassilah.com\/","logo":{"@type":"ImageObject","inLanguage":"fr-BE","@id":"https:\/\/liaisonsdassilah.com\/#\/schema\/logo\/image\/","url":"https:\/\/liaisonsdassilah.com\/wp-content\/uploads\/2025\/08\/SAVE_20250802_242504-1.jpg","contentUrl":"https:\/\/liaisonsdassilah.com\/wp-content\/uploads\/2025\/08\/SAVE_20250802_242504-1.jpg","width":1280,"height":906,"caption":"LIAISONS D'ASSILAH"},"image":{"@id":"https:\/\/liaisonsdassilah.com\/#\/schema\/logo\/image\/"}}]}},"_links":{"self":[{"href":"https:\/\/liaisonsdassilah.com\/index.php?rest_route=\/wp\/v2\/pages\/144","targetHints":{"allow":["GET"]}}],"collection":[{"href":"https:\/\/liaisonsdassilah.com\/index.php?rest_route=\/wp\/v2\/pages"}],"about":[{"href":"https:\/\/liaisonsdassilah.com\/index.php?rest_route=\/wp\/v2\/types\/page"}],"author":[{"embeddable":true,"href":"https:\/\/liaisonsdassilah.com\/index.php?rest_route=\/wp\/v2\/users\/1"}],"replies":[{"embeddable":true,"href":"https:\/\/liaisonsdassilah.com\/index.php?rest_route=%2Fwp%2Fv2%2Fcomments&post=144"}],"version-history":[{"count":8,"href":"https:\/\/liaisonsdassilah.com\/index.php?rest_route=\/wp\/v2\/pages\/144\/revisions"}],"predecessor-version":[{"id":323,"href":"https:\/\/liaisonsdassilah.com\/index.php?rest_route=\/wp\/v2\/pages\/144\/revisions\/323"}],"wp:attachment":[{"href":"https:\/\/liaisonsdassilah.com\/index.php?rest_route=%2Fwp%2Fv2%2Fmedia&parent=144"}],"curies":[{"name":"wp","href":"https:\/\/api.w.org\/{rel}","templated":true}]}}